{"id":9,"date":"2013-01-11T04:39:10","date_gmt":"2013-01-11T02:39:10","guid":{"rendered":"http:\/\/regulastaempfli.eu\/?page_id=9"},"modified":"2019-11-24T17:19:40","modified_gmt":"2019-11-24T15:19:40","slug":"all-about-me","status":"publish","type":"page","link":"https:\/\/regulastaempfli.eu\/?page_id=9","title":{"rendered":"ad personam"},"content":{"rendered":"<h1 class=\"entry-title\">&nbsp;<\/h1>\n<h2>Regula St\u00e4mpfli &#8211; Im Gespr\u00e4ch<\/h2>\n<p class=\"teaserText\"><strong>&#8220;Von der Verr\u00fcckung der Wirklichkeit&#8221; &#8211; Andreas Obrecht im Gespr\u00e4ch mit Regula St\u00e4mpfli, Historikerin, Politologin und Medienwissenschafterin. ORF 1 &#8220;Im Gespr\u00e4ch&#8221; : Trumpism&#8221; nennt die Historikerin, Politologin und Medienwissenschaftlerin Regula St\u00e4mpfli das politische Ph\u00e4nomen, das gerade die Welt ver\u00e4ndert. Mittels populistischer Rhetorik, Ideologie, Gestik und Narrativen wird unsere Wahrnehmung der Wirklichkeit langsam, aber sp\u00fcrbar verr\u00fcckt. Die Verletzung der menschlichen W\u00fcrde durch den &#8220;Twitter-H\u00e4uptling&#8221; alias Donald Trump greife tief in die Politik ein. &#8220;Eine Revolution ist im Gange, die von Intellektuellen viel zu wenig auf den Punkt gebracht wird&#8221;, sagt Regula St\u00e4mpfli, die sich als Wissenschaftlerin zugunsten demokratischer Strukturen engagiert. &#8220;Es ist eine Revolution, bei der es darum geht, uns die Welt und die Wirklichkeit, so wie wir sie kennen, wegzunehmen!&#8221; Renationalisierung und umfassende Privatisierung sind f\u00fcr sie Angriffe auf b\u00fcrgerliche Werte, die es abzuwehren gilt. In den Gegenbewegungen zu Neoliberalismus und schrankenloser Globalisierung sieht Regula St\u00e4mpfli im Gespr\u00e4ch mit Andreas Obrecht freilich auch eine Chance &#8211; denn das Lokale erlangt dadurch eine neue, auch politisch emanzipatorische Bedeutung. Siehe auch Youtube-Kanal von Regula St\u00e4mpfli.<\/strong><\/p>\n<h1 class=\"entry-title\"><a href=\"https:\/\/oe1.orf.at\/programm\/20190315\/546202\/Regula-Staempfli-Im-Gespraech\"><img loading=\"lazy\" decoding=\"async\" class=\"alignleft size-full wp-image-7679\" src=\"https:\/\/regulastaempfli.eu\/wp-content\/uploads\/2013\/01\/74ca2d6edd531349d7283eff57f99a1b171fc694.jpg\" alt=\"74ca2d6edd531349d7283eff57f99a1b171fc694\" width=\"875\" height=\"492\" srcset=\"https:\/\/regulastaempfli.eu\/wp-content\/uploads\/2013\/01\/74ca2d6edd531349d7283eff57f99a1b171fc694.jpg 875w, https:\/\/regulastaempfli.eu\/wp-content\/uploads\/2013\/01\/74ca2d6edd531349d7283eff57f99a1b171fc694-300x169.jpg 300w, https:\/\/regulastaempfli.eu\/wp-content\/uploads\/2013\/01\/74ca2d6edd531349d7283eff57f99a1b171fc694-768x432.jpg 768w, https:\/\/regulastaempfli.eu\/wp-content\/uploads\/2013\/01\/74ca2d6edd531349d7283eff57f99a1b171fc694-500x281.jpg 500w\" sizes=\"auto, (max-width: 875px) 100vw, 875px\" \/><\/a><\/h1>\n<h1 class=\"entry-title\">&nbsp;<\/h1>\n<h1 class=\"entry-title\"><img loading=\"lazy\" decoding=\"async\" class=\"alignleft size-full wp-image-7329\" src=\"https:\/\/regulastaempfli.eu\/wp-content\/uploads\/2013\/01\/lebenslauf-regula.png\" alt=\"lebenslauf regula\" width=\"663\" height=\"304\" srcset=\"https:\/\/regulastaempfli.eu\/wp-content\/uploads\/2013\/01\/lebenslauf-regula.png 663w, https:\/\/regulastaempfli.eu\/wp-content\/uploads\/2013\/01\/lebenslauf-regula-300x138.png 300w, https:\/\/regulastaempfli.eu\/wp-content\/uploads\/2013\/01\/lebenslauf-regula-500x229.png 500w\" sizes=\"auto, (max-width: 663px) 100vw, 663px\" \/><\/h1>\n<p>&nbsp;<\/p>\n<p>&nbsp;<\/p>\n<p>&nbsp;<\/p>\n<p>&nbsp;<\/p>\n<p>&nbsp;<\/p>\n<p>&nbsp;<\/p>\n<p><img loading=\"lazy\" decoding=\"async\" class=\"alignleft size-full wp-image-7331\" src=\"https:\/\/regulastaempfli.eu\/wp-content\/uploads\/2013\/01\/ichbinbestsellerautorin2019.jpg\" alt=\"ichbinbestsellerautorin2019\" width=\"960\" height=\"640\" srcset=\"https:\/\/regulastaempfli.eu\/wp-content\/uploads\/2013\/01\/ichbinbestsellerautorin2019.jpg 960w, https:\/\/regulastaempfli.eu\/wp-content\/uploads\/2013\/01\/ichbinbestsellerautorin2019-300x200.jpg 300w, https:\/\/regulastaempfli.eu\/wp-content\/uploads\/2013\/01\/ichbinbestsellerautorin2019-768x512.jpg 768w, https:\/\/regulastaempfli.eu\/wp-content\/uploads\/2013\/01\/ichbinbestsellerautorin2019-450x300.jpg 450w\" sizes=\"auto, (max-width: 960px) 100vw, 960px\" \/><\/p>\n<p>&nbsp;<\/p>\n<p>&nbsp;<\/p>\n<p>&nbsp;<\/p>\n<p>&nbsp;<\/p>\n<h1 class=\"entry-title\"><a href=\"https:\/\/www.srf.ch\/sendungen\/musik-fuer-einen-gast\/regula-staempfli-politikwissenschaftlerin\"><img loading=\"lazy\" decoding=\"async\" class=\"alignleft size-full wp-image-7327\" src=\"https:\/\/regulastaempfli.eu\/wp-content\/uploads\/2013\/01\/Bildschirmfoto-2019-01-08-um-18.21.10.png\" alt=\"Bildschirmfoto 2019-01-08 um 18.21.10\" width=\"686\" height=\"900\" srcset=\"https:\/\/regulastaempfli.eu\/wp-content\/uploads\/2013\/01\/Bildschirmfoto-2019-01-08-um-18.21.10.png 686w, https:\/\/regulastaempfli.eu\/wp-content\/uploads\/2013\/01\/Bildschirmfoto-2019-01-08-um-18.21.10-229x300.png 229w\" sizes=\"auto, (max-width: 686px) 100vw, 686px\" \/><\/a><\/h1>\n<h1 class=\"entry-title\">&nbsp;#WeAreHere Prominente Frauen in der Schweiz in: pers\u00f6nlich.ch<\/h1>\n<h1 class=\"entry-title\"><img loading=\"lazy\" decoding=\"async\" class=\"alignleft size-full wp-image-6445\" src=\"https:\/\/regulastaempfli.eu\/wp-content\/uploads\/2013\/01\/Bildschirmfoto-2017-07-31-um-19.48.09.png\" alt=\"Bildschirmfoto 2017-07-31 um 19.48.09\" width=\"791\" height=\"756\" srcset=\"https:\/\/regulastaempfli.eu\/wp-content\/uploads\/2013\/01\/Bildschirmfoto-2017-07-31-um-19.48.09.png 791w, https:\/\/regulastaempfli.eu\/wp-content\/uploads\/2013\/01\/Bildschirmfoto-2017-07-31-um-19.48.09-300x287.png 300w, https:\/\/regulastaempfli.eu\/wp-content\/uploads\/2013\/01\/Bildschirmfoto-2017-07-31-um-19.48.09-768x734.png 768w, https:\/\/regulastaempfli.eu\/wp-content\/uploads\/2013\/01\/Bildschirmfoto-2017-07-31-um-19.48.09-314x300.png 314w\" sizes=\"auto, (max-width: 791px) 100vw, 791px\" \/><\/h1>\n<h1 class=\"entry-title\">pers\u00f6nlich: Das Schweizer Wirtschaftsmagazin f\u00fcr Kommunikation \u00fcber Trump, Feminismus und die &#8220;Republik&#8221;, Juni 2017 #media #digitaltransformation #women siehe&nbsp;<\/h1>\n<h1 class=\"entry-title\">http:\/\/www.persoenlich.com\/interview\/ich-bin-eine-force-de-la-nature<\/h1>\n<h1 class=\"entry-title\">&nbsp;<img loading=\"lazy\" decoding=\"async\" class=\"alignleft size-full wp-image-6390\" src=\"https:\/\/regulastaempfli.eu\/wp-content\/uploads\/2013\/01\/IMG_5270-1.jpg\" alt=\"IMG_5270-1\" width=\"2016\" height=\"1512\" srcset=\"https:\/\/regulastaempfli.eu\/wp-content\/uploads\/2013\/01\/IMG_5270-1.jpg 2016w, https:\/\/regulastaempfli.eu\/wp-content\/uploads\/2013\/01\/IMG_5270-1-300x225.jpg 300w, https:\/\/regulastaempfli.eu\/wp-content\/uploads\/2013\/01\/IMG_5270-1-768x576.jpg 768w, https:\/\/regulastaempfli.eu\/wp-content\/uploads\/2013\/01\/IMG_5270-1-1024x768.jpg 1024w, https:\/\/regulastaempfli.eu\/wp-content\/uploads\/2013\/01\/IMG_5270-1-400x300.jpg 400w\" sizes=\"auto, (max-width: 2016px) 100vw, 2016px\" \/><\/h1>\n<h1 class=\"entry-title\">&nbsp;<\/h1>\n<h1 class=\"entry-title\">&nbsp;<\/h1>\n<h1 class=\"entry-title\">\u201cIch bin einfach sch\u00f6n\u201d: 20.2.2017 TagesAnzeiger Fragebogen \u00fcber alles<\/h1>\n<h1 class=\"entry-title\"><a href=\"https:\/\/regulastaempfli.eu\/wp-content\/uploads\/2017\/02\/tagi-interview-20februar-2.pdf\" target=\"_blank\"><img loading=\"lazy\" decoding=\"async\" class=\"alignleft wp-image-5974 size-full\" src=\"https:\/\/regulastaempfli.eu\/wp-content\/uploads\/2017\/04\/Bildschirmfoto-2017-02-20-um-13.37.44.png\" alt=\"Bildschirmfoto 2017-02-20 um 13.37.44\" width=\"816\" height=\"521\" srcset=\"https:\/\/regulastaempfli.eu\/wp-content\/uploads\/2017\/04\/Bildschirmfoto-2017-02-20-um-13.37.44.png 816w, https:\/\/regulastaempfli.eu\/wp-content\/uploads\/2017\/04\/Bildschirmfoto-2017-02-20-um-13.37.44-300x192.png 300w, https:\/\/regulastaempfli.eu\/wp-content\/uploads\/2017\/04\/Bildschirmfoto-2017-02-20-um-13.37.44-768x490.png 768w, https:\/\/regulastaempfli.eu\/wp-content\/uploads\/2017\/04\/Bildschirmfoto-2017-02-20-um-13.37.44-470x300.png 470w\" sizes=\"auto, (max-width: 816px) 100vw, 816px\" \/><\/a><\/h1>\n<h1><strong>&nbsp;Kolumnistin bei BlickamAbend seit 2012: Zweimal monatlich<\/strong><a href=\"https:\/\/www.blickamabend.ch\/kolumnen\/fadegrad\/\" target=\"_blank\"><img loading=\"lazy\" decoding=\"async\" class=\"alignleft wp-image-5998 size-full\" src=\"https:\/\/regulastaempfli.eu\/wp-content\/uploads\/2017\/04\/Bildschirmfoto-2017-04-11-um-15.58.20.png\" alt=\"Bildschirmfoto 2017-04-11 um 15.58.20\" width=\"566\" height=\"725\" srcset=\"https:\/\/regulastaempfli.eu\/wp-content\/uploads\/2017\/04\/Bildschirmfoto-2017-04-11-um-15.58.20.png 566w, https:\/\/regulastaempfli.eu\/wp-content\/uploads\/2017\/04\/Bildschirmfoto-2017-04-11-um-15.58.20-234x300.png 234w\" sizes=\"auto, (max-width: 566px) 100vw, 566px\" \/><\/a><\/h1>\n<p>&nbsp;<\/p>\n<h1><img loading=\"lazy\" decoding=\"async\" class=\"alignleft wp-image-5970\" src=\"https:\/\/regulastaempfli.eu\/wp-content\/uploads\/2017\/04\/proustlaStaempfli.jpg\" alt=\"proustlaStaempfli\" width=\"847\" height=\"1200\" srcset=\"https:\/\/regulastaempfli.eu\/wp-content\/uploads\/2017\/04\/proustlaStaempfli.jpg 847w, https:\/\/regulastaempfli.eu\/wp-content\/uploads\/2017\/04\/proustlaStaempfli-212x300.jpg 212w, https:\/\/regulastaempfli.eu\/wp-content\/uploads\/2017\/04\/proustlaStaempfli-768x1088.jpg 768w, https:\/\/regulastaempfli.eu\/wp-content\/uploads\/2017\/04\/proustlaStaempfli-723x1024.jpg 723w\" sizes=\"auto, (max-width: 847px) 100vw, 847px\" \/>Women in Business : TOP 100. DIE ERFOLGREICHSTEN FRAUEN DER SCHWEIZ 2016<code><code><img loading=\"lazy\" decoding=\"async\" class=\"size-full wp-image-5450 aligncenter\" src=\"https:\/\/regulastaempfli.eu\/wp-content\/uploads\/2013\/01\/20161009_094443-1.jpg\" alt=\"20161009_094443-1\" width=\"3383\" height=\"942\" srcset=\"https:\/\/regulastaempfli.eu\/wp-content\/uploads\/2013\/01\/20161009_094443-1.jpg 3383w, https:\/\/regulastaempfli.eu\/wp-content\/uploads\/2013\/01\/20161009_094443-1-300x84.jpg 300w, https:\/\/regulastaempfli.eu\/wp-content\/uploads\/2013\/01\/20161009_094443-1-768x214.jpg 768w, https:\/\/regulastaempfli.eu\/wp-content\/uploads\/2013\/01\/20161009_094443-1-1024x285.jpg 1024w, https:\/\/regulastaempfli.eu\/wp-content\/uploads\/2013\/01\/20161009_094443-1-500x139.jpg 500w\" sizes=\"auto, (max-width: 3383px) 100vw, 3383px\" \/><\/code><\/code>Kolumnistin bei Klein Report seit 2015 w\u00f6chentlich<\/h1>\n<p><a href=\"http:\/\/www.kleinreport.ch\/\" target=\"_blank\"><img loading=\"lazy\" decoding=\"async\" class=\"alignleft wp-image-5822\" src=\"https:\/\/regulastaempfli.eu\/wp-content\/uploads\/2017\/03\/schlagendezeilenbild.jpg\" alt=\"schlagendezeilenbild\" width=\"600\" height=\"335\"><\/a><\/p>\n<p>&nbsp;<\/p>\n<h1><strong>Interview im Deutschlandfunk &nbsp; 25.10.2015<\/strong><\/h1>\n<h1><a href=\"https:\/\/www.youtube.com\/watch?v=r_imrljZ-MI\" target=\"_blank\"><img loading=\"lazy\" decoding=\"async\" class=\"aligncenter\" src=\"https:\/\/regulastaempfli.eu\/wp-content\/uploads\/2013\/01\/Deutschlandfunk.jpg\" alt=\"Deutschlandfunk\" width=\"971\" height=\"560\"><\/a><\/h1>\n<h1 class=\"entry-title\">TEDX BERN 2016: NO DATA WITHOUT REPRESENTATION. Daten, Politik&amp;Steuern<\/h1>\n<p><a href=\"https:\/\/www.youtube.com\/watch?v=zWTtCfvntUU&amp;feature=youtu.be\" target=\"_blank\"><img loading=\"lazy\" decoding=\"async\" class=\"alignleft wp-image-6051\" src=\"https:\/\/regulastaempfli.eu\/wp-content\/uploads\/2013\/01\/hqdefault-1.jpg\" alt=\"hqdefault\" width=\"450\" height=\"253\"><\/a><\/p>\n<p>&nbsp;<\/p>\n<p>&nbsp;<\/p>\n<p>&nbsp;<\/p>\n<p>&nbsp;<\/p>\n<p>&nbsp;<\/p>\n<p>&nbsp;<\/p>\n<h1 class=\"entry-title\">TEDx VADUZ 2014 ON ALGORITHMS<\/h1>\n<p><a href=\"https:\/\/www.youtube.com\/watch?v=54iXI37qyAA\" target=\"_blank\"><img loading=\"lazy\" decoding=\"async\" class=\"alignnone\" src=\"https:\/\/regulastaempfli.eu\/wp-content\/uploads\/2013\/01\/Why-Winnie-the-Pooh-is-wrong-and-Google-is-right.jpg\" alt=\"Why Winnie the Pooh is wrong and Google is right\" width=\"636\" height=\"318\"><\/a><\/p>\n<p>&nbsp;<\/p>\n\n\t\t<style type=\"text\/css\">\n\t\t\t#gallery-1 {\n\t\t\t\tmargin: auto;\n\t\t\t}\n\t\t\t#gallery-1 .gallery-item {\n\t\t\t\tfloat: left;\n\t\t\t\tmargin-top: 10px;\n\t\t\t\ttext-align: center;\n\t\t\t\twidth: 33%;\n\t\t\t}\n\t\t\t#gallery-1 img {\n\t\t\t\tborder: 2px solid #cfcfcf;\n\t\t\t}\n\t\t\t#gallery-1 .gallery-caption {\n\t\t\t\tmargin-left: 0;\n\t\t\t}\n\t\t\t\/* see gallery_shortcode() in wp-includes\/media.php *\/\n\t\t<\/style>\n\t\t<div id='gallery-1' class='gallery galleryid-9 gallery-columns-3 gallery-size-thumbnail'><dl class='gallery-item'>\n\t\t\t<dt class='gallery-icon landscape'>\n\t\t\t\t<a href='https:\/\/regulastaempfli.eu\/?attachment_id=269'><img loading=\"lazy\" decoding=\"async\" width=\"150\" height=\"150\" src=\"https:\/\/regulastaempfli.eu\/wp-content\/uploads\/2013\/01\/Regula-Pressebild-Ausschnitt-150x150.jpg\" class=\"attachment-thumbnail size-thumbnail\" alt=\"\" aria-describedby=\"gallery-1-269\" \/><\/a>\n\t\t\t<\/dt>\n\t\t\t\t<dd class='wp-caption-text gallery-caption' id='gallery-1-269'>\n\t\t\t\tRegula St\u00e4mpfli\n\t\t\t\t<\/dd><\/dl><dl class='gallery-item'>\n\t\t\t<dt class='gallery-icon landscape'>\n\t\t\t\t<a href='https:\/\/regulastaempfli.eu\/?attachment_id=785'><img loading=\"lazy\" decoding=\"async\" width=\"150\" height=\"150\" src=\"https:\/\/regulastaempfli.eu\/wp-content\/uploads\/2013\/01\/Westart-Screenshot-150x150.png\" class=\"attachment-thumbnail size-thumbnail\" alt=\"\" aria-describedby=\"gallery-1-785\" \/><\/a>\n\t\t\t<\/dt>\n\t\t\t\t<dd class='wp-caption-text gallery-caption' id='gallery-1-785'>\n\t\t\t\t26..5.2013 Westart-Talk\n\t\t\t\t<\/dd><\/dl><dl class='gallery-item'>\n\t\t\t<dt class='gallery-icon portrait'>\n\t\t\t\t<a href='https:\/\/regulastaempfli.eu\/?attachment_id=266'><img loading=\"lazy\" decoding=\"async\" width=\"150\" height=\"150\" src=\"https:\/\/regulastaempfli.eu\/wp-content\/uploads\/2013\/01\/DSCF2132-e1359541686965-150x150.jpg\" class=\"attachment-thumbnail size-thumbnail\" alt=\"\" aria-describedby=\"gallery-1-266\" \/><\/a>\n\t\t\t<\/dt>\n\t\t\t\t<dd class='wp-caption-text gallery-caption' id='gallery-1-266'>\n\t\t\t\t16.12.2012 BAZ Standpunkte\n\t\t\t\t<\/dd><\/dl><br style=\"clear: both\" \/><dl class='gallery-item'>\n\t\t\t<dt class='gallery-icon landscape'>\n\t\t\t\t<a href='https:\/\/regulastaempfli.eu\/?attachment_id=259'><img loading=\"lazy\" decoding=\"async\" width=\"150\" height=\"150\" src=\"https:\/\/regulastaempfli.eu\/wp-content\/uploads\/2013\/01\/DSCF2138-150x150.jpg\" class=\"attachment-thumbnail size-thumbnail\" alt=\"\" aria-describedby=\"gallery-1-259\" \/><\/a>\n\t\t\t<\/dt>\n\t\t\t\t<dd class='wp-caption-text gallery-caption' id='gallery-1-259'>\n\t\t\t\t16.12.2012 BAZ Standpunkte\n\t\t\t\t<\/dd><\/dl><dl class='gallery-item'>\n\t\t\t<dt class='gallery-icon portrait'>\n\t\t\t\t<a href='https:\/\/regulastaempfli.eu\/?attachment_id=256'><img loading=\"lazy\" decoding=\"async\" width=\"104\" height=\"150\" src=\"https:\/\/regulastaempfli.eu\/wp-content\/uploads\/2013\/01\/Regula-Sta\u0308mpfli-3-e1359541979404-104x150.jpg\" class=\"attachment-thumbnail size-thumbnail\" alt=\"\" aria-describedby=\"gallery-1-256\" \/><\/a>\n\t\t\t<\/dt>\n\t\t\t\t<dd class='wp-caption-text gallery-caption' id='gallery-1-256'>\n\t\t\t\t27.9.2012 ulm ifg\n\t\t\t\t<\/dd><\/dl><dl class='gallery-item'>\n\t\t\t<dt class='gallery-icon landscape'>\n\t\t\t\t<a href='https:\/\/regulastaempfli.eu\/?attachment_id=257'><img loading=\"lazy\" decoding=\"async\" width=\"150\" height=\"150\" src=\"https:\/\/regulastaempfli.eu\/wp-content\/uploads\/2013\/01\/DSCF1978-150x150.jpg\" class=\"attachment-thumbnail size-thumbnail\" alt=\"\" aria-describedby=\"gallery-1-257\" \/><\/a>\n\t\t\t<\/dt>\n\t\t\t\t<dd class='wp-caption-text gallery-caption' id='gallery-1-257'>\n\t\t\t\t27.9.2012 ulmer gespr\u00e4che: vandervelden, st\u00e4mpfli, spitz\n\t\t\t\t<\/dd><\/dl><br style=\"clear: both\" \/><dl class='gallery-item'>\n\t\t\t<dt class='gallery-icon landscape'>\n\t\t\t\t<a href='https:\/\/regulastaempfli.eu\/?attachment_id=267'><img loading=\"lazy\" decoding=\"async\" width=\"150\" height=\"150\" src=\"https:\/\/regulastaempfli.eu\/wp-content\/uploads\/2013\/01\/DSCF1807-150x150.jpg\" class=\"attachment-thumbnail size-thumbnail\" alt=\"\" aria-describedby=\"gallery-1-267\" \/><\/a>\n\t\t\t<\/dt>\n\t\t\t\t<dd class='wp-caption-text gallery-caption' id='gallery-1-267'>\n\t\t\t\t29.6.2012 denkstelle z\u00fcrich\n\t\t\t\t<\/dd><\/dl><dl class='gallery-item'>\n\t\t\t<dt class='gallery-icon landscape'>\n\t\t\t\t<a href='https:\/\/regulastaempfli.eu\/?attachment_id=258'><img loading=\"lazy\" decoding=\"async\" width=\"150\" height=\"150\" src=\"https:\/\/regulastaempfli.eu\/wp-content\/uploads\/2013\/01\/DSCF1805-150x150.jpg\" class=\"attachment-thumbnail size-thumbnail\" alt=\"\" aria-describedby=\"gallery-1-258\" \/><\/a>\n\t\t\t<\/dt>\n\t\t\t\t<dd class='wp-caption-text gallery-caption' id='gallery-1-258'>\n\t\t\t\t29.6.2012 denkstelle z\u00fcrich\n\t\t\t\t<\/dd><\/dl><dl class='gallery-item'>\n\t\t\t<dt class='gallery-icon portrait'>\n\t\t\t\t<a href='https:\/\/regulastaempfli.eu\/?attachment_id=2834'><img loading=\"lazy\" decoding=\"async\" width=\"150\" height=\"150\" src=\"https:\/\/regulastaempfli.eu\/wp-content\/uploads\/2014\/10\/Fu\u0308rstelberger-2.10.20141-150x150.jpg\" class=\"attachment-thumbnail size-thumbnail\" alt=\"\" aria-describedby=\"gallery-1-2834\" \/><\/a>\n\t\t\t<\/dt>\n\t\t\t\t<dd class='wp-caption-text gallery-caption' id='gallery-1-2834'>\n\t\t\t\tF\u00fcrstelberger Linz 2.10.2014\n\t\t\t\t<\/dd><\/dl><br style=\"clear: both\" \/>\n\t\t<\/div>\n\n<p id=\"yui_3_13_0_1_1383313288655_20046\">Dr, Regula St\u00e4mpfli ist Viele. Sie hat Geschichte und politische Philosophie studiert, Politologie und Medienwissenschaft und arbeitet als Dozentin\/Beraterin\/Autorin in der Schweiz, in Deutschland und in Frankreich. 1999 schloss sie ihr Geschichtsstudium, die Ausbildung zur Politik-und Medienwissenschaftlerin inklusive Lehrpatent, mit Dr.phil. ab. Die Dissertation, die auf \u00fcber 800 Seiten die Konstruktion von Geschlecht in der Schweiz und in Europa von 1914-1945 erkl\u00e4rt, belegt und weiterf\u00fchrt, m\u00fcndete in einen internationalen Kongress zu Armee, Staat und Geschlecht 1918-1945) mit entsprechender Publikation. W\u00e4hrend ihrer jahrzehntelangen T\u00e4tigkeit als Dozentin am MAZ, Die Schweizerische Journalistenschule in Luzern und vielen anderen Lehrauftr\u00e4gen publizierte St\u00e4mpfli 7 Monographien, unz\u00e4hlige wissenschaftliche Artikel in einschl\u00e4gigen Fachzeitschriften und amtierte als Hochschulr\u00e4tin NRW, Fachhochschule K\u00f6ln.<\/p>\n<p>********<\/p>\n<p>Vier Jahre arbeitete sie an einer modernen \u00dcbertragung von Hannah Arendts \u201eVita activa\u201c, die 2007 unter dem Titel: \u201eDie Macht des richtigen Friseurs\u201c in Br\u00fcssel ver\u00f6ffentlicht wurde. Dieses wie alle ihre folgenden Werke wurden in Zweit- und Drittauflagen verlegt, eine neue \u00dcberarbeitung zur \u201ePoesie von Algorithmen und den begehrenden Pixelblick\u201c als Kritik der Moderne in ihren Wahrnehmungen von Zeit, Menschenbild und Arbeit ist in Arbeit. Regula St\u00e4mpfli initiierte zusammen mit ihrem Fachbeirat, IFG ULM, das F\u00f6rderprogramm \u201eDesigning Politics-The Politics of Design\u201c f\u00fcr die Stiftung HFG Ulm (seit 2007). Die \u201eUlmer Gespr\u00e4che\u201c werden in den Designnetzwerken weitergef\u00fchrt. In ihrer Verantwortung als Intendantin IFG Ulm wurde auch die Sammlung &#8220;<em><b>HfG<\/b><\/em>&nbsp;IUP IFG.&nbsp;<em><b>Ulm<\/b><\/em>&nbsp;1968-2008&#8243; von Ren\u00e9 Spitz herausgegeben.<\/p>\n<p id=\"yui_3_13_0_1_1383313288655_20051\">2013 wurde ihr popul\u00e4res Buch zur \u201eVermessung der Frau\u201c vom renommierten G\u00fctersloher Verlagshaus publiziert, erhielt zahlreiche Rezensionen, f\u00fchrte zu vielen TV- und Radioauftritten und lag \u2013 nach nur 4 Monaten im Handel &#8211; in der zweiten Auflage vor. Zum grossen Erstauenen von Verlag und Autorin schaffte indessen das Coaching-Buch &#8220;Lieber ich als perfekt&#8221; nicht einmal den Ausverkauf der ersten Auflage. Regula St\u00e4mpfli spekulierte \u00fcber die Gr\u00fcnde: &#8220;Frauen wollen kein Subjekt, sondern lieber perfekt sein.&#8221;<\/p>\n<p id=\"yui_3_13_0_1_1383313288655_20052\">Die vielseitige Intellektuelle ist aus Print und Fernsehen als scharfsinnige Analytikerin, Kolumnistin und inspirierende Vortragsrednerin bekannt. Die Kennzeichnungen ihrer Person reichen von der renommierten Neuen Z\u00fcrcher Zeitung \u201eNervens\u00e4ge aus Br\u00fcssel\u201c bis zur \u201eDenkerin ohne Gel\u00e4nder\u201c (Schaffhauser Nachrichten) oder \u201eLara Croft der Politologie\u201c (Studentenurteil). Ihre popul\u00e4ren Schriften umfassen zus\u00e4tzliche B\u00fccher wie beispielsweise die Kolumnensammlung \u201eAussen Prada, innen leer\u201c sowie ein Fotobuch inkl. Ausstellung zu \u201eFrauen ohne Maske. \u00dcber Frauen und ihre Berufe\u201c zusammen mit dem Fotografen Josef Riegger.<\/p>\n","protected":false},"excerpt":{"rendered":"<p>&nbsp; Regula St\u00e4mpfli &#8211; Im Gespr\u00e4ch &#8220;Von der Verr\u00fcckung der Wirklichkeit&#8221; &#8211; Andreas Obrecht im Gespr\u00e4ch mit Regula St\u00e4mpfli, Historikerin, Politologin und Medienwissenschafterin. ORF 1 &#8220;Im Gespr\u00e4ch&#8221; : Trumpism&#8221; nennt die Historikerin, Politologin und Medienwissenschaftlerin Regula St\u00e4mpfli das politische Ph\u00e4nomen, &hellip; <a href=\"https:\/\/regulastaempfli.eu\/?page_id=9\">Weiterlesen <span class=\"meta-nav\">&rarr;<\/span><\/a><\/p>\n","protected":false},"author":1,"featured_media":0,"parent":0,"menu_order":0,"comment_status":"closed","ping_status":"closed","template":"","meta":{"_s2mail":"yes","footnotes":""},"class_list":["post-9","page","type-page","status-publish","hentry"],"_links":{"self":[{"href":"https:\/\/regulastaempfli.eu\/index.php?rest_route=\/wp\/v2\/pages\/9","targetHints":{"allow":["GET"]}}],"collection":[{"href":"https:\/\/regulastaempfli.eu\/index.php?rest_route=\/wp\/v2\/pages"}],"about":[{"href":"https:\/\/regulastaempfli.eu\/index.php?rest_route=\/wp\/v2\/types\/page"}],"author":[{"embeddable":true,"href":"https:\/\/regulastaempfli.eu\/index.php?rest_route=\/wp\/v2\/users\/1"}],"replies":[{"embeddable":true,"href":"https:\/\/regulastaempfli.eu\/index.php?rest_route=%2Fwp%2Fv2%2Fcomments&post=9"}],"version-history":[{"count":63,"href":"https:\/\/regulastaempfli.eu\/index.php?rest_route=\/wp\/v2\/pages\/9\/revisions"}],"predecessor-version":[{"id":7680,"href":"https:\/\/regulastaempfli.eu\/index.php?rest_route=\/wp\/v2\/pages\/9\/revisions\/7680"}],"wp:attachment":[{"href":"https:\/\/regulastaempfli.eu\/index.php?rest_route=%2Fwp%2Fv2%2Fmedia&parent=9"}],"curies":[{"name":"wp","href":"https:\/\/api.w.org\/{rel}","templated":true}]}}