{"id":787,"date":"2013-05-28T10:10:43","date_gmt":"2013-05-28T08:10:43","guid":{"rendered":"http:\/\/regulastaempfli.eu\/?page_id=787"},"modified":"2016-07-12T22:57:57","modified_gmt":"2016-07-12T20:57:57","slug":"rezensionen","status":"publish","type":"page","link":"https:\/\/regulastaempfli.eu\/?page_id=787","title":{"rendered":"rezensionen\/presse"},"content":{"rendered":"<p>&nbsp;<\/p>\n<h6><img loading=\"lazy\" decoding=\"async\" class=\"alignleft size-full wp-image-5141\" src=\"https:\/\/regulastaempfli.eu\/wp-content\/uploads\/2013\/05\/Rezesion-2.jpg\" alt=\"Rezesion 2\" width=\"456\" height=\"196\" srcset=\"https:\/\/regulastaempfli.eu\/wp-content\/uploads\/2013\/05\/Rezesion-2.jpg 456w, https:\/\/regulastaempfli.eu\/wp-content\/uploads\/2013\/05\/Rezesion-2-300x129.jpg 300w\" sizes=\"auto, (max-width: 456px) 100vw, 456px\" \/><\/h6>\n<p>&nbsp;<\/p>\n<p>&nbsp;<\/p>\n<h6>Buchbesprechung bei Perlentaucher.de\u00a0 das Kulturmagazin<\/h6>\n<p><a href=\"https:\/\/regulastaempfli.eu\/wp-content\/uploads\/2016\/07\/Regula-St\u00e4mpfli-Mit-der-Sch\u00fcrze-in-die-Landesverteidigung.-Frauenemanzipation-und-Schweizer-Milit\u00e4r-1914-1945-Buch-Perlentaucher.pdf\" target=\"_blank\">zum Artikel<\/a><\/p>\n<p>&nbsp;<\/p>\n<h4><img loading=\"lazy\" decoding=\"async\" class=\"alignleft size-full wp-image-5135\" src=\"https:\/\/regulastaempfli.eu\/wp-content\/uploads\/2013\/05\/Rezesion.jpg\" alt=\"Rezesion\" width=\"459\" height=\"194\" srcset=\"https:\/\/regulastaempfli.eu\/wp-content\/uploads\/2013\/05\/Rezesion.jpg 459w, https:\/\/regulastaempfli.eu\/wp-content\/uploads\/2013\/05\/Rezesion-300x127.jpg 300w\" sizes=\"auto, (max-width: 459px) 100vw, 459px\" \/><\/h4>\n<h6>Buchbesprechung bei Perlentaucher.de\u00a0 das Kulturmagazin<\/h6>\n<h6><a href=\"https:\/\/regulastaempfli.eu\/wp-content\/uploads\/2016\/07\/Regula-St\u00e4mpfli-Armee-Staat-und-Geschlecht.-Die-Schweiz-im-internationalen-Vergleich-1918-1945-Buch-Perlentaucher.pdf\" target=\"_blank\">zum Artikel<\/a><\/h6>\n<p>&nbsp;<\/p>\n<p><a href=\"https:\/\/regulastaempfli.eu\/wp-content\/uploads\/2014\/11\/Bildzeitung-Lieber-ich.png\"><img loading=\"lazy\" decoding=\"async\" class=\"alignleft wp-image-3017\" src=\"https:\/\/regulastaempfli.eu\/wp-content\/uploads\/2014\/11\/Bildzeitung-Lieber-ich.png\" alt=\"Bildzeitung - Lieber ich\" width=\"444\" height=\"406\" srcset=\"https:\/\/regulastaempfli.eu\/wp-content\/uploads\/2014\/11\/Bildzeitung-Lieber-ich.png 1238w, https:\/\/regulastaempfli.eu\/wp-content\/uploads\/2014\/11\/Bildzeitung-Lieber-ich-300x274.png 300w, https:\/\/regulastaempfli.eu\/wp-content\/uploads\/2014\/11\/Bildzeitung-Lieber-ich-1024x936.png 1024w, https:\/\/regulastaempfli.eu\/wp-content\/uploads\/2014\/11\/Bildzeitung-Lieber-ich-328x300.png 328w\" sizes=\"auto, (max-width: 444px) 100vw, 444px\" \/><\/a><\/p>\n<h6>Wunderbare Rezension zu &#8220;Lieber ich als perfekt&#8221; in der <strong>Bildzeitung <\/strong>vom November 2014<\/h6>\n<p><a href=\"https:\/\/regulastaempfli.eu\/wp-content\/uploads\/2016\/07\/Bildzeitung-Lieber-ich-neupdf.pdf\" target=\"_blank\">zurm Artikel<\/a><\/p>\n<h4><\/h4>\n<h4><\/h4>\n<h6><a href=\"https:\/\/regulastaempfli.eu\/wp-content\/uploads\/2013\/05\/Foto-Bestseller.jpg\"><img loading=\"lazy\" decoding=\"async\" class=\"alignleft wp-image-1294\" src=\"https:\/\/regulastaempfli.eu\/wp-content\/uploads\/2013\/05\/Foto-Bestseller.jpg\" alt=\"Foto Bestseller\" width=\"281\" height=\"340\" srcset=\"https:\/\/regulastaempfli.eu\/wp-content\/uploads\/2013\/05\/Foto-Bestseller.jpg 468w, https:\/\/regulastaempfli.eu\/wp-content\/uploads\/2013\/05\/Foto-Bestseller-247x300.jpg 247w\" sizes=\"auto, (max-width: 281px) 100vw, 281px\" \/><\/a>Die Vermessung der Frau war im September\/Oktober auf den Sachbuch-Bestsellerlisten in der Schweiz&#8230;in sch\u00f6ner Kombination und noch vor dem Buch &#8220;Jede Frau kann schlanker werden&#8221;<\/h6>\n<h4><\/h4>\n<h4><\/h4>\n<p>&nbsp;<\/p>\n<h4><\/h4>\n<h4><a href=\"https:\/\/regulastaempfli.eu\/wp-content\/uploads\/2013\/10\/buch_pressestimmen.1.pdf\" target=\"_blank\"><strong>Pressestimmen zum Buch &#8211; eine kleine Auswahl<\/strong><\/a><\/h4>\n<h1><a href=\"https:\/\/regulastaempfli.eu\/wp-content\/uploads\/2013\/10\/buch_pressestimmen.1.pdf\" target=\"_blank\">zu den Pressestimmen<\/a><\/h1>\n<p>&#8220;Wer ist die Sch\u00f6nste hier?&#8221; , Mathilde Jan\/Feb 2014<\/p>\n<p><a href=\"https:\/\/regulastaempfli.eu\/wp-content\/uploads\/2014\/01\/Mathilde-Besprechung-Vermessung.pdf\" target=\"_blank\"><img loading=\"lazy\" decoding=\"async\" class=\"alignleft wp-image-1672\" src=\"https:\/\/regulastaempfli.eu\/wp-content\/uploads\/2014\/01\/Mathilde-Besprechung-Vermessung.jpg\" alt=\"Mathilde Besprechung Vermessung\" width=\"551\" height=\"238\" srcset=\"https:\/\/regulastaempfli.eu\/wp-content\/uploads\/2014\/01\/Mathilde-Besprechung-Vermessung.jpg 1148w, https:\/\/regulastaempfli.eu\/wp-content\/uploads\/2014\/01\/Mathilde-Besprechung-Vermessung-300x129.jpg 300w, https:\/\/regulastaempfli.eu\/wp-content\/uploads\/2014\/01\/Mathilde-Besprechung-Vermessung-1024x443.jpg 1024w, https:\/\/regulastaempfli.eu\/wp-content\/uploads\/2014\/01\/Mathilde-Besprechung-Vermessung-500x216.jpg 500w\" sizes=\"auto, (max-width: 551px) 100vw, 551px\" \/><\/a><\/p>\n<p><a href=\"https:\/\/regulastaempfli.eu\/wp-content\/uploads\/2014\/01\/Mathilde-Besprechung-Vermessung.pdf\" target=\"_blank\">zum Artikel<\/a><\/p>\n<p>&nbsp;<\/p>\n<p>&nbsp;<\/p>\n<p>&nbsp;<\/p>\n<p>&#8220;Meine Unabh\u00e4ngigkeit bedeutet mir alles&#8221;\u00a0 Interview in der Basler Zeitung vom 9.11.2013<\/p>\n<h4><a href=\"https:\/\/regulastaempfli.eu\/wp-content\/uploads\/2013\/11\/Interview-BAZ-9.11.13.pdf\" target=\"_blank\"><img loading=\"lazy\" decoding=\"async\" src=\"https:\/\/regulastaempfli.eu\/wp-content\/uploads\/2013\/11\/Interview-BAZ-9.11.jpg\" alt=\"Interview BAZ 9.11\" width=\"673\" height=\"283\" \/><\/a><a href=\"https:\/\/regulastaempfli.eu\/wp-content\/uploads\/2013\/11\/Interview-BAZ-9.11.13.pdf\" target=\"_blank\">zum Interview<\/a><\/h4>\n<p>&nbsp;<\/p>\n<p>&nbsp;<\/p>\n<h4><span style=\"color: #000000;\"><a href=\"https:\/\/regulastaempfli.eu\/wp-content\/uploads\/2013\/09\/Illu-der-Frau.pdf\" target=\"_blank\"><span style=\"color: #000000;\">Das Leben der Frau im falschen System, FAZ, 2.9.2013<br \/>\n<\/span><\/a><\/span><\/h4>\n<p><a href=\"https:\/\/regulastaempfli.eu\/wp-content\/uploads\/2013\/09\/FAZ-Interview.jpg\" target=\"_blank\"><img loading=\"lazy\" decoding=\"async\" class=\"alignleft wp-image-1163\" src=\"https:\/\/regulastaempfli.eu\/wp-content\/uploads\/2013\/09\/FAZ-Teaser.jpg\" alt=\"FAZ-Teaser\" width=\"246\" height=\"220\" srcset=\"https:\/\/regulastaempfli.eu\/wp-content\/uploads\/2013\/09\/FAZ-Teaser.jpg 684w, https:\/\/regulastaempfli.eu\/wp-content\/uploads\/2013\/09\/FAZ-Teaser-300x268.jpg 300w, https:\/\/regulastaempfli.eu\/wp-content\/uploads\/2013\/09\/FAZ-Teaser-335x300.jpg 335w\" sizes=\"auto, (max-width: 246px) 100vw, 246px\" \/><\/a><\/p>\n<p><a href=\"https:\/\/regulastaempfli.eu\/wp-content\/uploads\/2013\/09\/FAZ-Interview.jpg\" target=\"_blank\">zur Rezension<\/a><\/p>\n<p>&nbsp;<\/p>\n<h4><\/h4>\n<p>&nbsp;<\/p>\n<h4><\/h4>\n<p>&nbsp;<\/p>\n<h4><span style=\"color: #000000;\"><a href=\"https:\/\/regulastaempfli.eu\/wp-content\/uploads\/2013\/09\/Illu-der-Frau.pdf\" target=\"_blank\"><span style=\"color: #000000;\">Barbie und die Einheitsfrau in der Tiroler Tageszeitung 20.9.2013<br \/>\n<\/span><\/a><\/span><\/h4>\n<p><a href=\"https:\/\/regulastaempfli.eu\/wp-content\/uploads\/2014\/01\/Barbie-Pubpic.jpg\"><img loading=\"lazy\" decoding=\"async\" class=\"alignleft wp-image-1599\" src=\"https:\/\/regulastaempfli.eu\/wp-content\/uploads\/2014\/01\/Barbie-Pubpic.jpg\" alt=\"Barbie Pubpic\" width=\"194\" height=\"95\" \/><\/a><\/p>\n<p><a href=\"https:\/\/regulastaempfli.eu\/wp-content\/uploads\/2013\/09\/Tiroler-Tageszeitung.pdf\" target=\"_blank\">zum Interview<\/a><\/p>\n<h4><\/h4>\n<p>&nbsp;<\/p>\n<p>&nbsp;<\/p>\n<h4><span style=\"color: #000000;\"><a href=\"https:\/\/regulastaempfli.eu\/wp-content\/uploads\/2013\/09\/Illu-der-Frau.pdf\" target=\"_blank\"><span style=\"color: #000000;\">Warum sich Selbstzweifel nicht lohnen, ILLU DER FRAU &#8211; September 2013<\/span><\/a><\/span><\/h4>\n<p><a href=\"https:\/\/regulastaempfli.eu\/wp-content\/uploads\/2014\/01\/Illu-Pubpic.jpg\"><img loading=\"lazy\" decoding=\"async\" class=\"alignleft wp-image-1601\" src=\"https:\/\/regulastaempfli.eu\/wp-content\/uploads\/2014\/01\/Illu-Pubpic.jpg\" alt=\"Illu Pubpic\" width=\"216\" height=\"153\" srcset=\"https:\/\/regulastaempfli.eu\/wp-content\/uploads\/2014\/01\/Illu-Pubpic.jpg 309w, https:\/\/regulastaempfli.eu\/wp-content\/uploads\/2014\/01\/Illu-Pubpic-300x211.jpg 300w\" sizes=\"auto, (max-width: 216px) 100vw, 216px\" \/><\/a><a href=\"https:\/\/regulastaempfli.eu\/wp-content\/uploads\/2013\/09\/Illu-der-Frau.pdf\" target=\"_blank\">zum Buchtip<\/a><\/p>\n<p>&nbsp;<\/p>\n<h4><\/h4>\n<h4><\/h4>\n<p>&nbsp;<\/p>\n<h4>ST\u00c4MPFLI UND DIE SCH\u00d6NHEIT, Interview im Rheintaler vom 30. August 2013<\/h4>\n<p><a href=\"https:\/\/regulastaempfli.eu\/wp-content\/uploads\/2014\/01\/Rheintal-Pubpic.jpg\"><img loading=\"lazy\" decoding=\"async\" class=\"alignleft wp-image-1603\" src=\"https:\/\/regulastaempfli.eu\/wp-content\/uploads\/2014\/01\/Rheintal-Pubpic.jpg\" alt=\"Rheintal Pubpic\" width=\"307\" height=\"191\" srcset=\"https:\/\/regulastaempfli.eu\/wp-content\/uploads\/2014\/01\/Rheintal-Pubpic.jpg 511w, https:\/\/regulastaempfli.eu\/wp-content\/uploads\/2014\/01\/Rheintal-Pubpic-300x187.jpg 300w, https:\/\/regulastaempfli.eu\/wp-content\/uploads\/2014\/01\/Rheintal-Pubpic-480x300.jpg 480w\" sizes=\"auto, (max-width: 307px) 100vw, 307px\" \/><\/a><a href=\"https:\/\/regulastaempfli.eu\/wp-content\/uploads\/2013\/09\/Rheintaler_30_8_13.pdf\" target=\"_blank\">zum Interview<\/a><\/p>\n<h4><\/h4>\n<h4><\/h4>\n<p>&nbsp;<\/p>\n<h4>Es gilt, das Begehren nach sich selbst zu entwickeln, KURIER 11.8.2013<\/h4>\n<p><a href=\"https:\/\/regulastaempfli.eu\/wp-content\/uploads\/2014\/01\/Sonntag-Pubpic.jpg\"><img loading=\"lazy\" decoding=\"async\" class=\"alignleft wp-image-1605\" src=\"https:\/\/regulastaempfli.eu\/wp-content\/uploads\/2014\/01\/Sonntag-Pubpic.jpg\" alt=\"Kurier Pubpic\" width=\"350\" height=\"397\" srcset=\"https:\/\/regulastaempfli.eu\/wp-content\/uploads\/2014\/01\/Sonntag-Pubpic.jpg 583w, https:\/\/regulastaempfli.eu\/wp-content\/uploads\/2014\/01\/Sonntag-Pubpic-264x300.jpg 264w\" sizes=\"auto, (max-width: 350px) 100vw, 350px\" \/><\/a><a href=\"https:\/\/regulastaempfli.eu\/wp-content\/uploads\/2013\/08\/Interview-Kurier.pdf\" target=\"_blank\">zum Interview<\/a><\/p>\n<p>&nbsp;<\/p>\n<h4><\/h4>\n<p>&nbsp;<\/p>\n<h4><\/h4>\n<h4>Gef\u00fchle und Ideen lassen sich nicht mit Statistiken, Quoten und Ratings erfassen, Interview bei NEWS.CH, 5.7.2013<\/h4>\n<p><a href=\"https:\/\/regulastaempfli.eu\/wp-content\/uploads\/2014\/01\/News-Pubpic.jpg\"><img loading=\"lazy\" decoding=\"async\" class=\"alignleft wp-image-1607\" src=\"https:\/\/regulastaempfli.eu\/wp-content\/uploads\/2014\/01\/News-Pubpic.jpg\" alt=\"News Pubpic\" width=\"360\" height=\"242\" srcset=\"https:\/\/regulastaempfli.eu\/wp-content\/uploads\/2014\/01\/News-Pubpic.jpg 600w, https:\/\/regulastaempfli.eu\/wp-content\/uploads\/2014\/01\/News-Pubpic-300x201.jpg 300w, https:\/\/regulastaempfli.eu\/wp-content\/uploads\/2014\/01\/News-Pubpic-446x300.jpg 446w\" sizes=\"auto, (max-width: 360px) 100vw, 360px\" \/><\/a><a href=\"https:\/\/regulastaempfli.eu\/wp-content\/uploads\/2013\/05\/www_news_ch_Regula_Staempfli_Von_Botox_Hormonen_und_anderem_05072013.pdf\">zum Interview<\/a><\/p>\n<p>&nbsp;<\/p>\n<p>&nbsp;<\/p>\n<p>&nbsp;<\/p>\n<p>&nbsp;<\/p>\n<p>&nbsp;<\/p>\n<p>&nbsp;<\/p>\n<p>&nbsp;<\/p>\n<p>TELEZ\u00dcRI SONDERSENDUNG ZUR VERMESSUNG DER FRAU, 20.6.2013<\/p>\n<p><a href=\"https:\/\/regulastaempfli.eu\/wp-content\/uploads\/2014\/01\/Telezu\u0308ri-Pubpic.png\"><img loading=\"lazy\" decoding=\"async\" class=\"alignleft wp-image-1610\" src=\"https:\/\/regulastaempfli.eu\/wp-content\/uploads\/2014\/01\/Telezu\u0308ri-Pubpic.png\" alt=\"Telezu\u0308ri Pubpic\" width=\"352\" height=\"210\" srcset=\"https:\/\/regulastaempfli.eu\/wp-content\/uploads\/2014\/01\/Telezu\u0308ri-Pubpic.png 503w, https:\/\/regulastaempfli.eu\/wp-content\/uploads\/2014\/01\/Telezu\u0308ri-Pubpic-300x178.png 300w, https:\/\/regulastaempfli.eu\/wp-content\/uploads\/2014\/01\/Telezu\u0308ri-Pubpic-500x298.png 500w\" sizes=\"auto, (max-width: 352px) 100vw, 352px\" \/><\/a><\/p>\n<p><a href=\"https:\/\/regulastaempfli.eu\/?page_id=30\" target=\"_blank\">Vermessung der Frau<\/a>.<a href=\"http:\/\/www.telezueri.ch\/show-homepage\/405\/detail\/2895?back_url=archiv\/search\/show\/405#program_missed\" target=\"_blank\">http:\/\/www.telezueri.ch\/show-homepage\/405\/detail\/2895?back_url=archiv\/search\/show\/405#program_missed<\/a><\/p>\n<p>&nbsp;<\/p>\n<div>\n<h4><\/h4>\n<p>&nbsp;<\/p>\n<h4><\/h4>\n<p>&nbsp;<\/p>\n<h4><\/h4>\n<h4>FRAUEN HABEN IMMER DAS FALSCHE ALTER &#8211; eine Stunde auf Z\u00dcRIPLUS 17.6.2013<\/h4>\n<p><a href=\"https:\/\/regulastaempfli.eu\/wp-content\/uploads\/2014\/01\/Zu\u0308riplus-Pubpic.png\"><img loading=\"lazy\" decoding=\"async\" class=\"alignleft wp-image-1613\" src=\"https:\/\/regulastaempfli.eu\/wp-content\/uploads\/2014\/01\/Zu\u0308riplus-Pubpic.png\" alt=\"Zu\u0308riplus Pubpic\" width=\"281\" height=\"189\" srcset=\"https:\/\/regulastaempfli.eu\/wp-content\/uploads\/2014\/01\/Zu\u0308riplus-Pubpic.png 468w, https:\/\/regulastaempfli.eu\/wp-content\/uploads\/2014\/01\/Zu\u0308riplus-Pubpic-300x201.png 300w, https:\/\/regulastaempfli.eu\/wp-content\/uploads\/2014\/01\/Zu\u0308riplus-Pubpic-445x300.png 445w\" sizes=\"auto, (max-width: 281px) 100vw, 281px\" \/><\/a><a href=\"http:\/\/www.zueriplus.tv\/archiv.htm\" target=\"_blank\">http:\/\/www.zueriplus.tv\/konkret.htm<\/a><\/p>\n<p>&nbsp;<\/p>\n<h4><\/h4>\n<p>&nbsp;<\/p>\n<p>&nbsp;<\/p>\n<\/div>\n<h4>NORMIERENDER K\u00d6RPERKULT\u00a0 &#8211; Rezension in Deutschlandradio 17.6.2013<\/h4>\n<p><a href=\"http:\/\/ondemand-mp3.dradio.de\/file\/dradio\/2013\/06\/17\/drk_20130617_1135_09fcfa74.mp3\" target=\"_blank\"><img loading=\"lazy\" decoding=\"async\" class=\"alignleft wp-image-1628\" src=\"https:\/\/regulastaempfli.eu\/wp-content\/uploads\/2014\/01\/Deutschlandradio-Pubpic.jpg\" alt=\"Deutschlandradio Pubpic\" width=\"318\" height=\"264\" srcset=\"https:\/\/regulastaempfli.eu\/wp-content\/uploads\/2014\/01\/Deutschlandradio-Pubpic.jpg 454w, https:\/\/regulastaempfli.eu\/wp-content\/uploads\/2014\/01\/Deutschlandradio-Pubpic-300x249.jpg 300w, https:\/\/regulastaempfli.eu\/wp-content\/uploads\/2014\/01\/Deutschlandradio-Pubpic-361x300.jpg 361w\" sizes=\"auto, (max-width: 318px) 100vw, 318px\" \/><\/a><\/p>\n<p>&nbsp;<\/p>\n<p>&nbsp;<\/p>\n<p>&nbsp;<\/p>\n<p>&nbsp;<\/p>\n<p>&nbsp;<\/p>\n<p>&nbsp;<\/p>\n<p>Besprechung als Text:\u00a0 <a href=\"https:\/\/regulastaempfli.eu\/wp-content\/uploads\/2013\/06\/www-dradio-de.pdf\">Normierender K\u00f6rperkult<\/a><\/p>\n<p>&nbsp;<\/p>\n<p>&#8220;Kritisches Denken ist dem Medienzirkus fremd&#8221;\u00a0 Interview im Tagesanzeiger vom 11.6.2013<\/p>\n<p><a href=\"https:\/\/regulastaempfli.eu\/wp-content\/uploads\/2013\/06\/Tagesanzeiger-Interview-11.6.13.pdf\" target=\"_blank\"><img loading=\"lazy\" decoding=\"async\" class=\"alignleft wp-image-1639\" src=\"https:\/\/regulastaempfli.eu\/wp-content\/uploads\/2013\/05\/Tagesanzeiger-Interview-1.jpg\" alt=\"Interview: \u00abKritik an Frauen ist problematisch\u00bb - News Kultur:\" width=\"427\" height=\"403\" srcset=\"https:\/\/regulastaempfli.eu\/wp-content\/uploads\/2013\/05\/Tagesanzeiger-Interview-1.jpg 1271w, https:\/\/regulastaempfli.eu\/wp-content\/uploads\/2013\/05\/Tagesanzeiger-Interview-1-300x283.jpg 300w, https:\/\/regulastaempfli.eu\/wp-content\/uploads\/2013\/05\/Tagesanzeiger-Interview-1-1024x966.jpg 1024w, https:\/\/regulastaempfli.eu\/wp-content\/uploads\/2013\/05\/Tagesanzeiger-Interview-1-317x300.jpg 317w\" sizes=\"auto, (max-width: 427px) 100vw, 427px\" \/><\/a><\/p>\n<p>&nbsp;<\/p>\n<p><a href=\"https:\/\/regulastaempfli.eu\/wp-content\/uploads\/2013\/06\/Tagesanzeiger-Interview-11.6.13.pdf\" target=\"_blank\">zum Interview<\/a><\/p>\n<h4><\/h4>\n<p>&nbsp;<\/p>\n<p>&nbsp;<\/p>\n<h4>Essay in der Zeitschrift EMOTION. Titel: &#8220;Entsprechen Sie der Norm ?&#8221;<\/h4>\n<p><a href=\"https:\/\/regulastaempfli.eu\/wp-content\/uploads\/2014\/01\/Emotion-Pubpic.jpg\"><img loading=\"lazy\" decoding=\"async\" class=\"alignleft wp-image-1617\" src=\"https:\/\/regulastaempfli.eu\/wp-content\/uploads\/2014\/01\/Emotion-Pubpic.jpg\" alt=\"Emotion Pubpic\" width=\"395\" height=\"199\" srcset=\"https:\/\/regulastaempfli.eu\/wp-content\/uploads\/2014\/01\/Emotion-Pubpic.jpg 658w, https:\/\/regulastaempfli.eu\/wp-content\/uploads\/2014\/01\/Emotion-Pubpic-300x151.jpg 300w, https:\/\/regulastaempfli.eu\/wp-content\/uploads\/2014\/01\/Emotion-Pubpic-500x252.jpg 500w\" sizes=\"auto, (max-width: 395px) 100vw, 395px\" \/><\/a><a href=\"https:\/\/regulastaempfli.eu\/wp-content\/uploads\/2013\/05\/Emotion-Teil-1.pdf\">Emotion Teil 1<\/a>\u00a0\u00a0\u00a0 <a href=\"https:\/\/regulastaempfli.eu\/wp-content\/uploads\/2013\/05\/Emotion-Teil-2.pdf\">Emotion Teil 2<\/a><\/p>\n<h4><a href=\"http:\/\/www.emotion.de\/de\/home\/default.aspx\" target=\"_blank\">http:\/\/www.emotion.de\/de\/home\/default.aspx<\/a><\/h4>\n<p>&nbsp;<\/p>\n<p>&nbsp;<\/p>\n<h4>28.5.2013 Radio-Rezension in SRF1 \u00fcber &#8220;Die Vermessung der Frau&#8221;<\/h4>\n<p><a href=\"https:\/\/regulastaempfli.eu\/wp-content\/uploads\/2014\/01\/SRFPubPic.jpg\"><img loading=\"lazy\" decoding=\"async\" class=\"alignleft size-full wp-image-1625\" src=\"https:\/\/regulastaempfli.eu\/wp-content\/uploads\/2014\/01\/SRFPubPic.jpg\" alt=\"SRFPubPic\" width=\"84\" height=\"96\" \/><\/a><a href=\"https:\/\/regulastaempfli.eu\/wp-content\/uploads\/2013\/05\/130528_vermessung_der_frau.mp3\">130528_vermessung_der_frau<\/a><\/p>\n<p>&nbsp;<\/p>\n<p>&nbsp;<\/p>\n<div>\n<h4><\/h4>\n<h4><\/h4>\n<h4>DENKEN MUSS MANCHMAL AUCH WEHTUN, Schaffhauser Nachrichten\u00a0 30.5.2013 zur \u201cVermessung der Frau\u201d.<\/h4>\n<p><a href=\"https:\/\/regulastaempfli.eu\/wp-content\/uploads\/2014\/01\/Schaffhauser-Pubpic.jpg\"><img loading=\"lazy\" decoding=\"async\" class=\"alignleft wp-image-1619\" src=\"https:\/\/regulastaempfli.eu\/wp-content\/uploads\/2014\/01\/Schaffhauser-Pubpic.jpg\" alt=\"Schaffhauser Pubpic\" width=\"323\" height=\"167\" srcset=\"https:\/\/regulastaempfli.eu\/wp-content\/uploads\/2014\/01\/Schaffhauser-Pubpic.jpg 462w, https:\/\/regulastaempfli.eu\/wp-content\/uploads\/2014\/01\/Schaffhauser-Pubpic-300x155.jpg 300w\" sizes=\"auto, (max-width: 323px) 100vw, 323px\" \/><\/a><a href=\"https:\/\/regulastaempfli.eu\/wp-content\/uploads\/2013\/06\/Interview-Schaffhauser-Nachrichten-30.5.2013.pdf\">Interview Schaffhauser Nachrichten 30.5.2013<\/a><\/p>\n<p>&nbsp;<\/p>\n<\/div>\n<h5><\/h5>\n<p>&nbsp;<\/p>\n<h5>ERFOLGREICHE BESTSELLERAUTORIN in PERSOENLICH.COM 28.5.2013<\/h5>\n<p><a href=\"https:\/\/regulastaempfli.eu\/wp-content\/uploads\/2014\/01\/Perso\u0308nlich-PubPic.jpg\"><img loading=\"lazy\" decoding=\"async\" class=\"alignleft wp-image-1621\" src=\"https:\/\/regulastaempfli.eu\/wp-content\/uploads\/2014\/01\/Perso\u0308nlich-PubPic.jpg\" alt=\"Perso\u0308nlich PubPic\" width=\"293\" height=\"177\" srcset=\"https:\/\/regulastaempfli.eu\/wp-content\/uploads\/2014\/01\/Perso\u0308nlich-PubPic.jpg 418w, https:\/\/regulastaempfli.eu\/wp-content\/uploads\/2014\/01\/Perso\u0308nlich-PubPic-300x181.jpg 300w\" sizes=\"auto, (max-width: 293px) 100vw, 293px\" \/><\/a><a href=\"http:\/\/www.persoenlich.com\/news\/medien\/erfolgreiche-frauen-ich-bin-regula-st-mpfli-who-else-306701#.UaRqw-uoI7B\" target=\"_blank\">http:\/\/www.persoenlich.com\/news\/medien\/erfolgreiche-frauen-ich-bin-regula-st-mpfli-who-else<\/a><\/p>\n<p>&nbsp;<\/p>\n<h4><\/h4>\n<p>&nbsp;<\/p>\n<h4><\/h4>\n<h4>Rezension\u00a0der Vermessung der Frau von ostschweizerinnen.ch 28.5.2013:<\/h4>\n<p><a href=\"https:\/\/regulastaempfli.eu\/wp-content\/uploads\/2014\/01\/Ostschweizerinnen-Pubpic.jpg\"><img loading=\"lazy\" decoding=\"async\" class=\"alignleft wp-image-1623\" src=\"https:\/\/regulastaempfli.eu\/wp-content\/uploads\/2014\/01\/Ostschweizerinnen-Pubpic.jpg\" alt=\"Ostschweizerinnen Pubpic\" width=\"326\" height=\"200\" srcset=\"https:\/\/regulastaempfli.eu\/wp-content\/uploads\/2014\/01\/Ostschweizerinnen-Pubpic.jpg 543w, https:\/\/regulastaempfli.eu\/wp-content\/uploads\/2014\/01\/Ostschweizerinnen-Pubpic-300x183.jpg 300w, https:\/\/regulastaempfli.eu\/wp-content\/uploads\/2014\/01\/Ostschweizerinnen-Pubpic-489x300.jpg 489w\" sizes=\"auto, (max-width: 326px) 100vw, 326px\" \/><\/a><a href=\"http:\/\/ostschweizerinnen.ch\/Politik_Gesellschaft\/staempfli_052013.php?navanchor=2110008\" target=\"_blank\">http:\/\/ostschweizerinnen.ch\/Politik_Gesellschaft\/staempfli<\/a><\/p>\n","protected":false},"excerpt":{"rendered":"<p>&nbsp; &nbsp; &nbsp; Buchbesprechung bei Perlentaucher.de\u00a0 das Kulturmagazin zum Artikel &nbsp; Buchbesprechung bei Perlentaucher.de\u00a0 das Kulturmagazin zum Artikel &nbsp; Wunderbare Rezension zu &#8220;Lieber ich als perfekt&#8221; in der Bildzeitung vom November 2014 zurm Artikel Die Vermessung der Frau war im &hellip; <a href=\"https:\/\/regulastaempfli.eu\/?page_id=787\">Weiterlesen <span class=\"meta-nav\">&rarr;<\/span><\/a><\/p>\n","protected":false},"author":1,"featured_media":0,"parent":0,"menu_order":0,"comment_status":"closed","ping_status":"open","template":"","meta":{"_s2mail":"yes","footnotes":""},"class_list":["post-787","page","type-page","status-publish","hentry"],"_links":{"self":[{"href":"https:\/\/regulastaempfli.eu\/index.php?rest_route=\/wp\/v2\/pages\/787","targetHints":{"allow":["GET"]}}],"collection":[{"href":"https:\/\/regulastaempfli.eu\/index.php?rest_route=\/wp\/v2\/pages"}],"about":[{"href":"https:\/\/regulastaempfli.eu\/index.php?rest_route=\/wp\/v2\/types\/page"}],"author":[{"embeddable":true,"href":"https:\/\/regulastaempfli.eu\/index.php?rest_route=\/wp\/v2\/users\/1"}],"replies":[{"embeddable":true,"href":"https:\/\/regulastaempfli.eu\/index.php?rest_route=%2Fwp%2Fv2%2Fcomments&post=787"}],"version-history":[{"count":88,"href":"https:\/\/regulastaempfli.eu\/index.php?rest_route=\/wp\/v2\/pages\/787\/revisions"}],"predecessor-version":[{"id":5146,"href":"https:\/\/regulastaempfli.eu\/index.php?rest_route=\/wp\/v2\/pages\/787\/revisions\/5146"}],"wp:attachment":[{"href":"https:\/\/regulastaempfli.eu\/index.php?rest_route=%2Fwp%2Fv2%2Fmedia&parent=787"}],"curies":[{"name":"wp","href":"https:\/\/api.w.org\/{rel}","templated":true}]}}