{"id":307,"date":"2013-02-07T14:53:50","date_gmt":"2013-02-07T13:53:50","guid":{"rendered":"http:\/\/regulastaempfli.eu\/?page_id=307"},"modified":"2017-05-03T12:06:11","modified_gmt":"2017-05-03T10:06:11","slug":"interviews","status":"publish","type":"page","link":"https:\/\/regulastaempfli.eu\/?page_id=307","title":{"rendered":"interviews"},"content":{"rendered":"<p><span style=\"color: #000000;\"><a style=\"color: #000000;\" href=\"https:\/\/regulastaempfli.eu\/wp-content\/uploads\/2017\/04\/proustlaStaempfli.jpg\" target=\"_blank\">Fragebogen Proust BREF M\u00e4rz 2017<\/a><\/span><\/p>\n<p><span style=\"color: #000000;\"><a style=\"color: #000000;\" href=\"https:\/\/regulastaempfli.eu\/wp-content\/uploads\/2017\/02\/tagi-interview-20februar-2.pdf\" target=\"_blank\">Ich bin einfach sch\u00f6n Interview Tagesanzeiger 2017<\/a><\/span><\/p>\n<p><span style=\"color: #000000;\"><a href=\" http:\/\/www.deutschlandfunk.de\/musik-und-fragen-zur-person-die-politologin-regula-staempfli.1782.de.html?dram:article_id=331480http:\/\/\"><span style=\"color: #000000;\">25.10.2015\u00a0 interview &#8211; deutschlandfunk.de\u00a0\u00a0\u00a0\u00a0 MUSIK UND FRAGEN<\/span><\/a><\/span><\/p>\n<p><span style=\"color: #000000;\"><a href=\" http:\/\/www.bernerzeitung.ch\/schweiz\/standard\/Sommaruga-vertritt-teils-eine-haertere-Asylpolitik-als-Blocher\/story\/13907320 \"><span style=\"color: #000000;\">22.06.2015\u00a0 interview &#8211; Berner Zeitung\u00a0\u00a0\u00a0 LARA CROFT DER POLITOLOGIE<\/span><\/a><\/span><\/p>\n<p><span style=\"color: #000000;\"><a href=\"http:\/\/www.persoenlich.com\/news\/medien\/erfolgreiche-frauen-ich-bin-regula-st-mpfli-who-else-306701#.VhYIL7TtlHx \"><span style=\"color: #000000;\">27.05.2014\u00a0 interview &#8211; pers\u00f6nlich.com \u00a0\u00a0 ICH BIN REGULA ST\u00c4MPFLI WHO ELSE?<\/span><\/a><\/span><\/p>\n<p><span style=\"color: #000000;\"><a href=\"https:\/\/regulastaempfli.eu\/wp-content\/uploads\/2013\/08\/Interview-Kurier.pdf\" target=\"_blank\"><span style=\"color: #000000;\">11.08.2013\u00a0 interview &#8211; Kurier\u00a0\u00a0\u00a0\u00a0\u00a0 &#8220;ES GILT, DAS BEGEHREN NACH SICH SELBST ZU ENTWICKELN&#8221;<\/span><\/a><\/span><\/p>\n<p><span style=\"color: #000000;\"><a href=\"https:\/\/regulastaempfli.eu\/wp-content\/uploads\/2013\/07\/Tatort-Ko%CC%88rper-Interview-zum-Buch.pdf\" target=\"_blank\"><span style=\"color: #000000;\">05.07.2013\u00a0 interview &#8211; news.ch\u00a0\u00a0\u00a0\u00a0 TATORT K\u00d6RPER<\/span><\/a><\/span><\/p>\n<p><span style=\"color: #000000;\"><a href=\"http:\/\/www.tagesanzeiger.ch\/kultur\/buecher\/Kritik-an-Frauen-ist-problematisch\/story\/17612553 \"><span style=\"color: #000000;\">11.06.2013\u00a0 interview &#8211; tagesanzeiger.ch\u00a0\u00a0\u00a0 KRITIK AN FRAUEN IST PROBLEMATISCH<\/span><\/a><\/span><\/p>\n<p><span style=\"color: #000000;\"><a href=\"https:\/\/regulastaempfli.eu\/wp-content\/uploads\/2013\/02\/ s\u00fcdostschweiz_interview_komplett.pdf\"><span style=\"color: #000000;\">06.01.2013\u00a0 interview &#8211; die s\u00fcdostschweiz\u00a0 ICH K\u00c4MPFE F\u00dcR MENSCHENSOLIDARIT\u00c4T<\/span><\/a><\/span><\/p>\n<p><span style=\"color: #000000;\"><a href=\"https:\/\/regulastaempfli.eu\/wp-content\/uploads\/2013\/02\/bzm_20120121_neuneu.pdf\"><span style=\"color: #000000;\">21.12.2012\u00a0 interview\u00a0 &#8211; bzm\u00a0\u00a0\u00a0\u00a0\u00a0 DIE SCHWEIZ IST SEHR AUTORIT\u00c4TSGL\u00c4UBIG<\/span><\/a><\/span><\/p>\n<p><span style=\"color: #000000;\"><a href=\"https:\/\/regulastaempfli.eu\/wp-content\/uploads\/2013\/02\/ www_reformiert_info_seid_vielfaeltig_seid_nicht_uniform_8919.pdf\"><span style=\"color: #000000;\">30.09.2011\u00a0 interview &#8211; reformiert.info\u00a0\u00a0\u00a0\u00a0 SEID VIELF\u00c4LTIG, SEID NICHT UNIFORM<\/span><\/a><\/span><\/p>\n<p><span style=\"color: #000000;\"><a href=\"https:\/\/regulastaempfli.eu\/wp-content\/uploads\/2013\/02\/1105_AZHP005.pdf\"><span style=\"color: #000000;\">11.05.2011\u00a0 interview\u00a0 &#8211; Anzeiger-Luzern.ch\u00a0\u00a0\u00a0 DER W\u00dcRDE VERPFLICHTET<\/span><\/a><\/span><\/p>\n<p><span style=\"color: #000000;\"><a href=\"https:\/\/regulastaempfli.eu\/wp-content\/uploads\/2013\/02\/regulastaempfli_ch_pages_deutsch_pdf_html_frauen_superprofes.pdf\"><span style=\"color: #000000;\">17.01.2010\u00a0 interview &#8211; sonntagsblick \u00a0 \u00a0\u00a0 DIE SUPERPROFESSORIN <\/span><\/a><\/span><\/p>\n<p><a href=\"https:\/\/regulastaempfli.eu\/wp-content\/uploads\/2013\/02\/fragebogen_bund.pdf\"><span style=\"color: #000000;\"><span style=\"color: #000000;\">09.12.2009\u00a0 interview &#8211; der kleine Bund \u00a0 \u00a0\u00a0\u00a0 FRAGEBOGEN <\/span><\/span><\/a><\/p>\n<p><span style=\"color: #000000;\"><a href=\"https:\/\/regulastaempfli.eu\/wp-content\/uploads\/2013\/02\/www_tagesspiegel_de_zeitung_das_matterhorn_ist_mir_zu_spitz.pdf\"><span style=\"color: #000000;\">01.06.2008\u00a0 interview &#8211; der tagesspiegel\u00a0\u00a0\u00a0\u00a0\u00a0 DAS MATTERHORN IST MIR ZU SPITZ<\/span><\/a><\/span><\/p>\n<p><a href=\"https:\/\/regulastaempfli.eu\/wp-content\/uploads\/2013\/02\/damenwahl.pdf\"><span style=\"color: #000000;\"><span style=\"color: #000000;\">12.06.2006\u00a0 interview &#8211; migros-magazin\u00a0 \u00a0\u00a0\u00a0 ANALYSE VOR DER DAMENWAHL <\/span><\/span><\/a><\/p>\n<p><span style=\"color: #000000;\"><a href=\"https:\/\/regulastaempfli.eu\/wp-content\/uploads\/2013\/02\/zuendstoff.pdf\"><span style=\"color: #000000;\">00.00.2000\u00a0 interview\u00a0 &#8211; zuendstoff\u00a0\u00a0\u00a0\u00a0 HIPPE ANAL-GESELLSCHAFT<\/span><\/a><\/span><\/p>\n","protected":false},"excerpt":{"rendered":"<p>Fragebogen Proust BREF M\u00e4rz 2017 Ich bin einfach sch\u00f6n Interview Tagesanzeiger 2017 25.10.2015\u00a0 interview &#8211; deutschlandfunk.de\u00a0\u00a0\u00a0\u00a0 MUSIK UND FRAGEN 22.06.2015\u00a0 interview &#8211; Berner Zeitung\u00a0\u00a0\u00a0 LARA CROFT DER POLITOLOGIE 27.05.2014\u00a0 interview &#8211; pers\u00f6nlich.com \u00a0\u00a0 ICH BIN REGULA ST\u00c4MPFLI WHO ELSE? 11.08.2013\u00a0 &hellip; <a href=\"https:\/\/regulastaempfli.eu\/?page_id=307\">Weiterlesen <span class=\"meta-nav\">&rarr;<\/span><\/a><\/p>\n","protected":false},"author":1,"featured_media":0,"parent":0,"menu_order":0,"comment_status":"closed","ping_status":"open","template":"","meta":{"_s2mail":"yes","footnotes":""},"class_list":["post-307","page","type-page","status-publish","hentry"],"_links":{"self":[{"href":"https:\/\/regulastaempfli.eu\/index.php?rest_route=\/wp\/v2\/pages\/307","targetHints":{"allow":["GET"]}}],"collection":[{"href":"https:\/\/regulastaempfli.eu\/index.php?rest_route=\/wp\/v2\/pages"}],"about":[{"href":"https:\/\/regulastaempfli.eu\/index.php?rest_route=\/wp\/v2\/types\/page"}],"author":[{"embeddable":true,"href":"https:\/\/regulastaempfli.eu\/index.php?rest_route=\/wp\/v2\/users\/1"}],"replies":[{"embeddable":true,"href":"https:\/\/regulastaempfli.eu\/index.php?rest_route=%2Fwp%2Fv2%2Fcomments&post=307"}],"version-history":[{"count":38,"href":"https:\/\/regulastaempfli.eu\/index.php?rest_route=\/wp\/v2\/pages\/307\/revisions"}],"predecessor-version":[{"id":6057,"href":"https:\/\/regulastaempfli.eu\/index.php?rest_route=\/wp\/v2\/pages\/307\/revisions\/6057"}],"wp:attachment":[{"href":"https:\/\/regulastaempfli.eu\/index.php?rest_route=%2Fwp%2Fv2%2Fmedia&parent=307"}],"curies":[{"name":"wp","href":"https:\/\/api.w.org\/{rel}","templated":true}]}}