{"id":30,"date":"2013-01-11T01:28:50","date_gmt":"2013-01-11T01:28:50","guid":{"rendered":"http:\/\/regulastaempfli.eu\/?page_id=2"},"modified":"2025-12-29T17:40:19","modified_gmt":"2025-12-29T15:40:19","slug":"bucher","status":"publish","type":"page","link":"https:\/\/regulastaempfli.eu\/?page_id=30","title":{"rendered":"publikationen"},"content":{"rendered":"\n<p>B\u00fccher\/Books<\/p>\n\n\n\n<p><strong>Trumpism: The Algorithmic Age<\/strong><\/p>\n\n\n\n<figure class=\"wp-block-image size-full is-resized\"><a href=\"https:\/\/regulastaempfli.eu\/wp-content\/uploads\/2025\/12\/grafik.png\"><img loading=\"lazy\" decoding=\"async\" width=\"285\" height=\"397\" src=\"https:\/\/regulastaempfli.eu\/wp-content\/uploads\/2025\/12\/grafik.png\" alt=\"\" class=\"wp-image-11581\" style=\"width:614px;height:auto\" srcset=\"https:\/\/regulastaempfli.eu\/wp-content\/uploads\/2025\/12\/grafik.png 285w, https:\/\/regulastaempfli.eu\/wp-content\/uploads\/2025\/12\/grafik-215x300.png 215w\" sizes=\"auto, (max-width: 285px) 100vw, 285px\" \/><\/a><\/figure>\n\n\n\n<p>Trumpism: The Algorithmic Age is not just a book about Donald Trump \u2014 it is a seismograph of our collapsing political world.<\/p>\n\n\n\n<p>In this groundbreaking analysis, political philosopher, bestselling author (Austria, Switzerland), podcaster, and Hannah Arendt lecturer PD Dr. Regula St\u00e4mpfli \u2014 widely known as laStaempfli on social media \u2014 uncovers how code-driven media, moral spectacle, and emotion-based politics have rewired democracy itself.<\/p>\n\n\n\n<p>From Obama\u2019s digital utopia to Trump\u2019s rage machine, from the illusion of global solidarity to the rise of simulation presidencies and virulent, horrifying antisemitism, laStaempfli shows how we lost our shared reality \u2014 and how we might reclaim it.<\/p>\n\n\n\n<p>Erh\u00e4ltlich auf AMAZON<\/p>\n\n\n<h1>\u00a0<\/h1>\n<h1>\u00a0<\/h1>\n<h1>\u00a0<\/h1>\n<h1>\u00a0<\/h1>\n<h1>\u00a0<\/h1>\n<h1>Sex, Katzen &amp; Di\u00e4ten<\/h1>\n<p><img loading=\"lazy\" decoding=\"async\" class=\"alignleft size-full wp-image-9069\" src=\"https:\/\/regulastaempfli.eu\/wp-content\/uploads\/2021\/12\/thumbnailbook21.jpg\" alt=\"\" width=\"1080\" height=\"1013\" srcset=\"https:\/\/regulastaempfli.eu\/wp-content\/uploads\/2021\/12\/thumbnailbook21.jpg 1080w, https:\/\/regulastaempfli.eu\/wp-content\/uploads\/2021\/12\/thumbnailbook21-300x281.jpg 300w, https:\/\/regulastaempfli.eu\/wp-content\/uploads\/2021\/12\/thumbnailbook21-1024x960.jpg 1024w, https:\/\/regulastaempfli.eu\/wp-content\/uploads\/2021\/12\/thumbnailbook21-768x720.jpg 768w, https:\/\/regulastaempfli.eu\/wp-content\/uploads\/2021\/12\/thumbnailbook21-320x300.jpg 320w\" sizes=\"auto, (max-width: 1080px) 100vw, 1080px\" \/><\/p>\n<p>Regula St\u00e4mpfli, laSt\u00e4mpfli auf Twitter, Insta und Clubhouse geh\u00f6rt zu den scharfsinnigsten Intellektuellen im deutschsprachigen Raum. Von 2011 bis 2018 nahm laSt\u00e4mpfli ihr Publikum mit ihrer w\u00f6chentlichen Kultkolumne mitten hinein in die Zeitgeschichte und dar\u00fcber hinaus.Die Haltbarkeit der Kolumnen von Regula St\u00e4mpfli ist unbeschr\u00e4nkt: Ihre Denkst\u00fccke sind Dokumente aus der Vergangenheit f\u00fcr die Zukunft.<\/p>\n<h1>TRUMPISM<\/h1>\n<div id=\"attachment_7259\" style=\"width: 283px\" class=\"wp-caption alignleft\"><a href=\"https:\/\/www.amazon.de\/Trumpism-Ein-Ph%C3%A4nomen-ver%C3%A4ndert-Welt\/dp\/3905896796\"><img loading=\"lazy\" decoding=\"async\" aria-describedby=\"caption-attachment-7259\" class=\"wp-image-7259 size-full\" src=\"https:\/\/regulastaempfli.eu\/wp-content\/uploads\/2018\/12\/trumpism-ein-pha\u0308nomen-vera\u0308ndert-die-welt.jpg\" alt=\"Regula St\u00e4mpfli \u00fcber die Selfie-Revolutionen: Die kommunikativen Herausforderungen unserer Zeit. Trumpism. Ein Ph\u00e4nomen ver\u00e4ndert die Welt. #Digitaltransformation #digitaldemocracy Regula St\u00e4mpfli \u00fcber die Eroberung der Welt als Bild.\" width=\"273\" height=\"420\" srcset=\"https:\/\/regulastaempfli.eu\/wp-content\/uploads\/2018\/12\/trumpism-ein-pha\u0308nomen-vera\u0308ndert-die-welt.jpg 273w, https:\/\/regulastaempfli.eu\/wp-content\/uploads\/2018\/12\/trumpism-ein-pha\u0308nomen-vera\u0308ndert-die-welt-195x300.jpg 195w\" sizes=\"auto, (max-width: 273px) 100vw, 273px\" \/><\/a><p id=\"caption-attachment-7259\" class=\"wp-caption-text\">Regula St\u00e4mpfli \u00fcber die Selfie-Revolutionen: Die kommunikativen Herausforderungen unserer Zeit. Trumpism. Ein Ph\u00e4nomen ver\u00e4ndert die Welt. #Digitaltransformation #digitaldemocracy Regula St\u00e4mpfli \u00fcber die Eroberung der Welt als Bild.<\/p><\/div>\n<p>Die Welt ist aus den Fugen: In den USA wird ein Twitter-H\u00e4uptling gew\u00e4hlt, in Frankreich ein Twitter-Marketingprodukt und in Deutschland punktet eine Partei mit Twitter-Jagdparolen. Ein neues Ph\u00e4nomen erobert die Welt: \u00abTrumpism.\u00bb<br \/>Das Buch zeigt, wie die Verletzung der menschlichen W\u00fcrde via 140 Zeichen in den politischen Alltag eingreift. Die Regierenden kommunizieren direkt mit den Regierten, ohne sich der in der Demokratie daf\u00fcr vorgesehenen Kan\u00e4le zu bedienen. \u00abIdentit\u00e4t\u00bb ist der Schlachtruf der Gegenwart und erinnert nicht nur zuf\u00e4llig an fundamentalistische Religionskriege. Dissidenten werden via pers\u00f6nliche Attacken fertig gemacht, es gibt keine Kompromisse und kaum mehr Diplomatie. Woher kommt dieser Erfolg der Vulgarit\u00e4t und was l\u00e4sst sich dagegen tun?<\/p>\n<p><strong><a href=\"https:\/\/www.amazon.de\/Trumpism-Ein-Ph%C3%A4nomen-ver%C3%A4ndert-Welt\/dp\/3905896796\">zur Bestellung<\/a><\/strong><\/p>\n<h1>\u00a0<\/h1>\n<h1>\u00a0<\/h1>\n<h1>\u00a0<\/h1>\n<h1>\u00a0<\/h1>\n<h1>Denkbilder Kalender 2017<\/h1>\n<p><img loading=\"lazy\" decoding=\"async\" class=\"alignleft size-full wp-image-5803\" src=\"https:\/\/regulastaempfli.eu\/wp-content\/uploads\/2013\/01\/kalender-2017-05-12-2016-10-14-cmyk-.jpg\" alt=\"kalender 2017 05 12 2016 10 14 cmyk\" width=\"3508\" height=\"4962\" srcset=\"https:\/\/regulastaempfli.eu\/wp-content\/uploads\/2013\/01\/kalender-2017-05-12-2016-10-14-cmyk-.jpg 3508w, https:\/\/regulastaempfli.eu\/wp-content\/uploads\/2013\/01\/kalender-2017-05-12-2016-10-14-cmyk--212x300.jpg 212w, https:\/\/regulastaempfli.eu\/wp-content\/uploads\/2013\/01\/kalender-2017-05-12-2016-10-14-cmyk--768x1086.jpg 768w, https:\/\/regulastaempfli.eu\/wp-content\/uploads\/2013\/01\/kalender-2017-05-12-2016-10-14-cmyk--724x1024.jpg 724w\" sizes=\"auto, (max-width: 3508px) 100vw, 3508px\" \/><\/p>\n<h1>HFG<\/h1>\n<h1><img loading=\"lazy\" decoding=\"async\" class=\"alignleft size-full wp-image-5223\" src=\"https:\/\/regulastaempfli.eu\/wp-content\/uploads\/2016\/08\/950ceb5529.jpg\" alt=\"950ceb5529\" width=\"435\" height=\"547\" srcset=\"https:\/\/regulastaempfli.eu\/wp-content\/uploads\/2016\/08\/950ceb5529.jpg 435w, https:\/\/regulastaempfli.eu\/wp-content\/uploads\/2016\/08\/950ceb5529-239x300.jpg 239w\" sizes=\"auto, (max-width: 435px) 100vw, 435px\" \/><\/h1>\n<h1>Denkbilder Kalender 2016<\/h1>\n<p><img loading=\"lazy\" decoding=\"async\" class=\"alignleft size-full wp-image-5225\" src=\"https:\/\/regulastaempfli.eu\/wp-content\/uploads\/2013\/01\/i4meukuw.bmp\" alt=\"i4meukuw\" width=\"676\" height=\"960\" \/><\/p>\n<h1>&#8220;Lieber ich als perfekt&#8221;<\/h1>\n<h4><a href=\"http:\/\/lieberichalsperfekt.com\/trailer.htm\" target=\"_blank\" rel=\"noopener\">Video Trailer<\/a><\/h4>\n<p><a href=\"http:\/\/lieberichalsperfekt.com\/\"><img loading=\"lazy\" decoding=\"async\" class=\"alignleft wp-image-3261\" src=\"https:\/\/regulastaempfli.eu\/wp-content\/uploads\/2015\/01\/cover-klein.jpg\" alt=\"cover klein\" width=\"280\" height=\"405\" srcset=\"https:\/\/regulastaempfli.eu\/wp-content\/uploads\/2015\/01\/cover-klein.jpg 400w, https:\/\/regulastaempfli.eu\/wp-content\/uploads\/2015\/01\/cover-klein-207x300.jpg 207w\" sizes=\"auto, (max-width: 280px) 100vw, 280px\" \/><\/a>Bauch, Beine, Po zu dick, der Busen zu gro\u00df, eine Falte hier und Cellulitis dort. Die Arbeit an der ewigen Baustelle K\u00f6rper kann ganz sch\u00f6n anstrengend sein und wirklich schlechte Laune machen. Deshalb zeigt Regula St\u00e4mpfli jetzt allen Frauen, die in der Selbstoptimierungsfalle sitzen, einen Weg nach drau\u00dfen. Mit Witz und geistreichen Geschichten \u00fcber beeindruckende Frauen und weibliche Sch\u00f6nheitsideale macht sie Lust auf Individualit\u00e4t. Finden Sie heraus, wer Sie fernab des Normierungs- und Schlankheitswahns sind oder auch noch sein k\u00f6nnten. Wer seit zwanzig Jahren denselben Haarschnitt tr\u00e4gt, weil er sich nicht getraut hat, etwas Neues auszuprobieren, wird mit diesem myBook garantiert einen Friseurtermin vereinbaren. Ein sinnliches und philosophisch stimmiges Leben zu f\u00fchren ver\u00e4ndert alles. Ohne die Einfl\u00fcsterungen der Di\u00e4tindustrie lebt es sich ganz anders, als Sie sich das vorstellen k\u00f6nnen.<\/p>\n<h1><a href=\"https:\/\/regulastaempfli.eu\/wp-content\/uploads\/2013\/01\/Lieber-ich-Bestelldaten.png\"><img loading=\"lazy\" decoding=\"async\" class=\"alignleft wp-image-3262\" src=\"https:\/\/regulastaempfli.eu\/wp-content\/uploads\/2013\/01\/Lieber-ich-Bestelldaten.png\" alt=\"Lieber ich Bestelldaten\" width=\"274\" height=\"172\" srcset=\"https:\/\/regulastaempfli.eu\/wp-content\/uploads\/2013\/01\/Lieber-ich-Bestelldaten.png 343w, https:\/\/regulastaempfli.eu\/wp-content\/uploads\/2013\/01\/Lieber-ich-Bestelldaten-300x188.png 300w\" sizes=\"auto, (max-width: 274px) 100vw, 274px\" \/><\/a><\/h1>\n<p><a href=\"http:\/\/lieberichalsperfekt.com\/\" target=\"_blank\" rel=\"noopener\"><strong>www.lieberichalsperfekt.com<\/strong><\/a><\/p>\n<h1>\u00a0<\/h1>\n<h1>\u00a0<\/h1>\n<h1>\u00a0<\/h1>\n<h1>\u00a0<\/h1>\n<h1><strong>Die Vermessung der Frau<br \/><\/strong><\/h1>\n<h4><a title=\"bestellung\" href=\"https:\/\/regulastaempfli.eu\/?page_id=732\">Buch Bestellung<\/a><\/h4>\n<h4><a title=\"Trailer zum Buch \u201cDie Vermessung der Frau\u201d\" href=\"https:\/\/regulastaempfli.eu\/?p=748\">VideoTrailer<\/a><\/h4>\n<p><a href=\"https:\/\/regulastaempfli.eu\/wp-content\/uploads\/2013\/01\/Buchcover.jpg\"><img loading=\"lazy\" decoding=\"async\" class=\"alignleft wp-image-4217\" src=\"https:\/\/regulastaempfli.eu\/wp-content\/uploads\/2013\/01\/Buchcover.jpg\" alt=\"Buchcover\" width=\"278\" height=\"434\" srcset=\"https:\/\/regulastaempfli.eu\/wp-content\/uploads\/2013\/01\/Buchcover.jpg 595w, https:\/\/regulastaempfli.eu\/wp-content\/uploads\/2013\/01\/Buchcover-192x300.jpg 192w\" sizes=\"auto, (max-width: 278px) 100vw, 278px\" \/><\/a>Botox, Turbo-Di\u00e4ten, Sch\u00f6nheitsoperationen oder Schamlippen-Bleaching. Was bringt immer mehr Frauen dazu, sich willig zur Schlachtbank der K\u00f6rperindustrie f\u00fchren zu lassen? Scharfz\u00fcngig und faktenreich geht Regula St\u00e4mpfli der Frage nach, warum sich gerade Frauen seit Jahrhunderten vermessen, wiegen und durchbuchstabieren lassen. Ist der Sch\u00f6nheitswahn unserer heutigen Zeit nur eine medial angefeuerte Marketingstrategie oder schon eine neue Religion?<\/p>\n<p>Mit einem philosophischen Blick auf Kunst, Literatur und Geschichte lotet St\u00e4mpfli die Untiefen einer Welt aus, in der nur noch ein optimales Kilo- und Zentimeterverh\u00e4ltnis z\u00e4hlt \u2013 und nat\u00fcrlich das richtige Geburtsjahr. In einer plakatierten Welt voller vom Hungertod bedrohter Size-Zero-Models geht die Autorin der Frage nach, wie wir wieder lernen k\u00f6nnen, unser eigenes Begehren und unsere eigene Sch\u00f6nheit zu finden.<\/p>\n<h4>Gebundenes Buch mit Schutzumschlag, ca. 192 Seiten, 13,5 x 21,5 cm<br \/>ISBN: 978-3-579-06639-4<\/h4>\n<h4>\u20ac 17,99 [D] | \u20ac 18,50 [A] | CHF 25,90<\/h4>\n<h4><strong>Erscheint am 28. Mai 2013<\/strong><\/h4>\n<h1>Schweizer Politik, weiss auf schwarz<\/h1>\n<p><a href=\"https:\/\/regulastaempfli.eu\/wp-content\/uploads\/2013\/01\/weiss-auf-schwarz.jpg\"><img loading=\"lazy\" decoding=\"async\" class=\"alignleft size-full wp-image-754\" src=\"https:\/\/regulastaempfli.eu\/wp-content\/uploads\/2013\/01\/weiss-auf-schwarz.jpg\" alt=\"weiss auf schwarz\" width=\"200\" height=\"283\" \/><\/a>Schweizer Frauen in der PolitikR\u00e9sum\u00e9 zur Analyse von Regula St\u00e4mpfli (Mitarbeit Manuel Born, Sept. 2011)W\u00e4hrend von unterschiedlicher Seite eine F\u00fclle mehr oder weniger wissenschaftlicher Erkenntnisse rund um Gender, Frauenvertretung in der Politik,\u00a0 M\u00e4nnerforschung etc. produziert wird, verschwinden in den Medien die entscheidenden Inhalte. Zum Beispiel liefert die Frisur einer Politikerin Schlagzeilen, aber ihre politischen Positionen kommen nicht zur Sprache. Gehaltvolle, kritische Diskussionen zum Thema Gleichstellung sind deshalb selten.<\/p>\n<h2>\u00a0<\/h2>\n<h2>Aussen Prada \u2013 Innen leer?<\/h2>\n<p id=\"yui_3_7_2_1_1363085049971_11069\" align=\"left\"><a href=\"https:\/\/regulastaempfli.eu\/wp-content\/uploads\/2013\/01\/aussen_prada_innen_leer.jpg\"><img loading=\"lazy\" decoding=\"async\" class=\"alignleft size-full wp-image-360\" src=\"https:\/\/regulastaempfli.eu\/wp-content\/uploads\/2013\/01\/aussen_prada_innen_leer.jpg\" alt=\"aussen_prada_innen_leer\" width=\"123\" height=\"180\" \/><\/a>Von 2007 bis 2010 haben Regula St\u00e4mpfli im s\u00fcddeutschen und Deutschschweizer Raum ungef\u00e4hr 5000 Menschen zu Themen wie \u00bbKernschmelze m\u00e4nnlicher Dominanz\u00ab, \u00bbZwischen Gala und Kant\u00ab, \u00bbSein oder Design?\u00ab, \u00bbWenn Gene sprechen, verstummen die Menschen\u00ab, \u00bbSex, L\u00fcgen und Botox\u00ab, \u00bbBeschiss und Goldmund\u00ab, \u00bbPostkutsche im Nanozeitalter\u00ab, \u00bbWas tun, ausser Miss Germany werden?\u00ab u.a. zugeh\u00f6rt. Die Aha-Effekte waren jeweils vorprogrammiert.<\/p>\n<p align=\"left\">Hier finden Sie ein philosophisches Kaleidoskop der Ideen, Befunde, Befindlichkeiten sowie irrwitzige, aber tats\u00e4chlich publizierte Mediengeschichten aus der Sicht der Politphilosophin. Sie dokumentieren &#8211; in Wort und Bild &#8211; den allt\u00e4glichen, meist sogar \u00f6ffentlich-rechtlich finanzierten Wahnsinn.<\/p>\n<p id=\"yui_3_7_2_1_1363085049971_11072\" align=\"left\">\u00a0Verpackungshinweis: Die Texte k\u00f6nnten ironische Bemerkungen und Gedanken beinhalten. Bei allf\u00e4lligen Nebenwirkungen lesen Sie ruhig weiter und hoffentlich mit viel Vergn\u00fcgen.<\/p>\n<p>\u00a0ISBN: 2-930279-41-9<br \/>EAN: 9782930279411<br \/>Preis: Fr. 29.80 \/ \u20ac 22.80, zuz\u00fcglich Versandkosten<\/p>\n<h2>\u00a0<\/h2>\n<p><strong>Die Macht des richtigen Friseurs<\/strong><\/p>\n<p><a href=\"https:\/\/regulastaempfli.eu\/wp-content\/uploads\/2013\/01\/cover_Frisur_deckel11.jpg\"><img decoding=\"async\" class=\" wp-image-14 alignleft\" src=\"https:\/\/regulastaempfli.eu\/wp-content\/uploads\/2013\/01\/cover_Frisur_deckel.jpg\" alt=\"cover_Frisur_deckel\" \/><\/a>Sie kennen die Schlagzeilen und die dazugeh\u00f6rigen Bilder: \u201eBarbie und Ken heiraten\u201c,<br \/>\u201eDie sch\u00f6nsten Regierungschefinnen der Welt\u201c, \u201eEdelhengst trifft Sexbombe\u201c, \u201eAffen verstehen, was gemeint ist\u201c, \u201eGrossonkel Himmler und seine Bauchschmerzen\u201c, \u201eJetzt k\u00f6nnen Sie die Unterhosen h\u00e4ufiger wechseln als die Frauen\u201c, \u201eLaufsteg Parlament \u2013 sexy auf Stimmenfang\u201c u.a. Auf der Suche nach Antworten, weshalb es nichts Unwirklicheres gibt als die mediale Wirklichkeit, nimmt die<br \/>politische Philosophin Regula St\u00e4mpfli ihre Leser und Leserinnen auf eine spannende Reise.<br \/>Sie \u00fcbersetzt u.a. die \u201eDesperate Housewives\u201c philosophisch, erz\u00e4hlt \u00fcber die \u201eLiebe in Zeiten der Grausamkeit\u201c und erkl\u00e4rt, weshalb \u201eBer\u00fchmtheiten f\u00fcr Nichts\u201c Millionen kassieren.<\/p>\n<p>\u00fcber Bilder, Medien und Frauen<br \/>ISBN: 2-930279-37-0<br \/>Preis: Fr. 29.80 \/ \u20ac 22.80<\/p>\n<h2>Frauen ohne Maske<\/h2>\n<p id=\"yui_3_7_2_1_1363085049971_9704\"><a href=\"https:\/\/regulastaempfli.eu\/wp-content\/uploads\/2013\/01\/FrauenohneMaske_klein.jpg\"><img loading=\"lazy\" decoding=\"async\" class=\"alignleft size-full wp-image-361\" src=\"https:\/\/regulastaempfli.eu\/wp-content\/uploads\/2013\/01\/FrauenohneMaske_klein.jpg\" alt=\"FrauenohneMaske_klein\" width=\"140\" height=\"160\" \/><\/a>Der Fotograf Josef Riegger und die Politologin Regula St\u00e4mpfli haben sich w\u00e4hrend dreier jahre intensiv mit dem Thema Frauen und ihre Berufe auseinandergesetzt. Grunds\u00e4tzlich haben Berufe ja kein Geschlecht, daf\u00fcr aber ein Image. Und genau dieses Image ver\u00e4ndert sich, je nachdem wie hoch der Anteil an Frauen beziehungsweise M\u00e4nnern in einem Beruf ist. Steigt der M\u00e4nneranteil in einem Frauenberuf, steigen Ansehen und Lohn nur zaghaft, aber immerhin \u2013 bei den Frauen ist es genau umgekehrt. Im vorliegenden Band \u201eFrauen ohne Maske\u201c sehen wir weder Lohn noch Ansehen, noch Image. Daf\u00fcr echte Bilder von unterschiedlichsten Frauen und den \u00fcberraschesten Berufen, die den Wandel unserer Zeit dokumentieren: eine Hommage an Frauen aus bildnerischer und textlicher Sicht.<\/p>\n<p id=\"yui_3_7_2_1_1363085049971_9731\">Der Band war zudem Grundlage f\u00fcr mehrere Ausstellungen in der Schweiz und in Deutschland zum Thema \u201eFrauen ohne Maske\u201c.<\/p>\n<p>Text: R. St\u00e4mpfli<br \/>Fotos: J. Riegger<br \/>ISBN: 978-7272-1123-2<br \/>Preis: CHF 49.\u2013 \/ \u20ac 31.\u2013<\/p>\n<h2>\u00a0<\/h2>\n<h2>Vom Stummb\u00fcrger zum Stimmb\u00fcrger<\/h2>\n<p id=\"yui_3_7_2_1_1363085049971_9318\"><a href=\"https:\/\/regulastaempfli.eu\/wp-content\/uploads\/2013\/01\/cover-stummbuerger.gif\"><img loading=\"lazy\" decoding=\"async\" class=\"alignleft size-full wp-image-184\" src=\"https:\/\/regulastaempfli.eu\/wp-content\/uploads\/2013\/01\/cover-stummbuerger.gif\" alt=\"cover-stummbuerger\" width=\"100\" height=\"157\" \/><\/a>Was ist der Mensch und wie sollte er sein? Gut, schlecht, funktional, von Hormonen geleitet, sozialisiert, nur durch Worte existierend, manipulierbar, ungleich, gleich, moralisch, bestialisch, \u00fcberlebenst\u00fcchtig, anpassungsf\u00e4hig, und und und. Was ist ein Mensch? Die Antwort auf diese Frage f\u00fchrt meistens zur Politik. So zieht jedes politische System aus einem bestimmten Menschenbild seine Legitimit\u00e4t. In politischen Diskussionen wird dann oft argumentiert, dass dies oder jenes Modell, meistens die Demokratie, nicht richtig funktionieren k\u00f6nne, weil der Mensch ja so und nicht anders sei. Besonders beliebt ist das Vorurteil, dass \u201eder Mensch\u201c egoistisch, geldgierig und machtbesessen sei. Woher kommen diese Bilder?<\/p>\n<p id=\"yui_3_7_2_1_1363085049971_9341\">Regula St\u00e4mpfli geht der Demokratie im allgemeinen und der in der Schweiz im speziellen auf die Spur. In f\u00fcnf Kapiteln erkl\u00e4rt sie, wie Macht zustande kommt, wie die Vergangenheit die Gegenwart pr\u00e4gt, wie die Verwirtschaftlichung die Demokratie aus den Angeln hebt, wie Philosophie und Politik zusammenh\u00e4ngen und was mit dem Marketing der Politik passiert ist. Die spannenden Essays werden mit einem Glossar zu den wichtigsten politischen Begriffen ganz am Schluss des Buches erg\u00e4nzt.<\/p>\n<h4>2003, 192 Seiten, gebunden<br \/>ISBN 3-280-05016-2<br \/>Preis: Fr. 39.80 \/ \u20ac 24.\u2013<\/h4>\n<h2>\u00a0<\/h2>\n<h2>Mit der Sch\u00fcrze zur Landesverteidigung<\/h2>\n<p id=\"yui_3_7_2_1_1363085049971_8710\"><a href=\"https:\/\/regulastaempfli.eu\/wp-content\/uploads\/2013\/01\/cover-landesverteidigung.gif\"><img loading=\"lazy\" decoding=\"async\" class=\"alignleft size-full wp-image-182\" src=\"https:\/\/regulastaempfli.eu\/wp-content\/uploads\/2013\/01\/cover-landesverteidigung.gif\" alt=\"cover-landesverteidigung\" width=\"100\" height=\"144\" \/><\/a>\u201cMit der Sch\u00fcrze in die Landesverteidigung\u201c erz\u00e4hlt die Geschichte der Geschlechterordnung 1914-1945 in Europa und in der Schweiz im Besonderen. Die \u201ewartime experience\u201c erhellt wichtige geschlechterspezifische Prozesse, denen im Werk nachgegangen wird. Besonders spannend sind die politischen Prozesse im Ausnahmezustand, die sich direkt auf die Geschlechterordnung auswirken. Regula St\u00e4mpfli dokumentiert mit dieser popul\u00e4ren Ver\u00f6ffentlichung die vierj\u00e4hrige Arbeit an ihrer Dissertation.<\/p>\n<p>2002, 290 Seiten, gebunden<br \/>ISBN 3-280-02820-5<br \/>Preis: Fr. 59.\u2013 \/ \u20ac 35.50<\/p>\n<h2>\u00a0<\/h2>\n<h2>Armee, Staat und Geschlecht<\/h2>\n<p id=\"yui_3_7_2_1_1363085049971_10153\"><a href=\"https:\/\/regulastaempfli.eu\/wp-content\/uploads\/2013\/01\/cover-armee-staat-geschlecht.jpg\"><img loading=\"lazy\" decoding=\"async\" class=\"alignleft size-full wp-image-181\" src=\"https:\/\/regulastaempfli.eu\/wp-content\/uploads\/2013\/01\/cover-armee-staat-geschlecht.jpg\" alt=\"cover-armee-staat-geschlecht\" width=\"103\" height=\"150\" \/><\/a>Das Thema \u201cFrauen im Krieg\u201d unterliegt bis heute geschlechtsspezifischen Klisch\u00e9es, die in der Alltagspolitik und in den Medien st\u00e4ndig wiederholt werden, aber grunds\u00e4tzlich falsch sind. Der Band erhellt zun\u00e4chst die politischen Machtverh\u00e4ltnisse hinter diesen Klisch\u00e9es und zeigt die strategische Wirkung der Geschlechterpolitik in Krieg und Frieden auf. Der Sammelband ist ein wichtiger Beitrag zum Triumph der Geschlechtertrennung, der sich bis heute h\u00e4lt. Forscherinnen und Forscher geben im Band Auskunft \u00fcber die entscheidenden Fragen, die anl\u00e4sslich des von Regula St\u00e4mpfli und Christoph Dejung organisierten Kriegskongresses an der Universit\u00e4t Z\u00fcrich 2002 diskutiert und mit h\u00f6chst spannenden Resultaten beantwortet wurden.<\/p>\n<p>Chronos Verlag, Z\u00fcrich<br \/>2003, 252 Seiten, gebunden<br \/>ISBN 3034005733,<br \/>Preis: \u20ac 24,90<\/p>","protected":false},"excerpt":{"rendered":"<p>B\u00fccher\/Books Trumpism: The Algorithmic Age Trumpism: The Algorithmic Age is not just a book about Donald Trump \u2014 it is a seismograph of our collapsing political world. In this groundbreaking analysis, political philosopher, bestselling author (Austria, Switzerland), podcaster, and Hannah &hellip; <a href=\"https:\/\/regulastaempfli.eu\/?page_id=30\">Weiterlesen <span class=\"meta-nav\">&rarr;<\/span><\/a><\/p>\n","protected":false},"author":1,"featured_media":0,"parent":0,"menu_order":0,"comment_status":"closed","ping_status":"open","template":"","meta":{"_s2mail":"yes","footnotes":""},"class_list":["post-30","page","type-page","status-publish","hentry"],"_links":{"self":[{"href":"https:\/\/regulastaempfli.eu\/index.php?rest_route=\/wp\/v2\/pages\/30","targetHints":{"allow":["GET"]}}],"collection":[{"href":"https:\/\/regulastaempfli.eu\/index.php?rest_route=\/wp\/v2\/pages"}],"about":[{"href":"https:\/\/regulastaempfli.eu\/index.php?rest_route=\/wp\/v2\/types\/page"}],"author":[{"embeddable":true,"href":"https:\/\/regulastaempfli.eu\/index.php?rest_route=\/wp\/v2\/users\/1"}],"replies":[{"embeddable":true,"href":"https:\/\/regulastaempfli.eu\/index.php?rest_route=%2Fwp%2Fv2%2Fcomments&post=30"}],"version-history":[{"count":43,"href":"https:\/\/regulastaempfli.eu\/index.php?rest_route=\/wp\/v2\/pages\/30\/revisions"}],"predecessor-version":[{"id":11583,"href":"https:\/\/regulastaempfli.eu\/index.php?rest_route=\/wp\/v2\/pages\/30\/revisions\/11583"}],"wp:attachment":[{"href":"https:\/\/regulastaempfli.eu\/index.php?rest_route=%2Fwp%2Fv2%2Fmedia&parent=30"}],"curies":[{"name":"wp","href":"https:\/\/api.w.org\/{rel}","templated":true}]}}