{"id":29,"date":"2013-01-11T20:58:39","date_gmt":"2013-01-11T18:58:39","guid":{"rendered":"http:\/\/regulastaempfli.eu\/?page_id=29"},"modified":"2020-11-30T18:09:22","modified_gmt":"2020-11-30T16:09:22","slug":"alte-seite","status":"publish","type":"page","link":"https:\/\/regulastaempfli.eu\/?page_id=29","title":{"rendered":"archiv"},"content":{"rendered":"<h1>homepage 2002-2012<\/h1>\n<p>Alle, die sich f\u00fcr mein Leben vor 2013 interessieren, finden hier den Link zur alten homepage<\/p>\n<p>Viel Spa\u00df damit&#8230;<\/p>\n<p>Regula St\u00e4mpfli<\/p>\n<p><a title=\"meine alte Seite\" href=\"http:\/\/archiv.regulastaempfli.eu\/index.html\">http:\/\/www.regulastaempfli.ch<\/a>&nbsp;Diese Seite ist momentan stillgelegt, da Google diese immer als erste angezeigt hat: SEO Kriterien siehe dazu die Schriften von laStaempfli<\/p>\n","protected":false},"excerpt":{"rendered":"<p>homepage 2002-2012 Alle, die sich f\u00fcr mein Leben vor 2013 interessieren, finden hier den Link zur alten homepage Viel Spa\u00df damit&#8230; Regula St\u00e4mpfli http:\/\/www.regulastaempfli.ch&nbsp;Diese Seite ist momentan stillgelegt, da Google diese immer als erste angezeigt hat: SEO Kriterien siehe dazu &hellip; <a href=\"https:\/\/regulastaempfli.eu\/?page_id=29\">Weiterlesen <span class=\"meta-nav\">&rarr;<\/span><\/a><\/p>\n","protected":false},"author":1,"featured_media":0,"parent":0,"menu_order":0,"comment_status":"closed","ping_status":"closed","template":"","meta":{"_s2mail":"yes","footnotes":""},"class_list":["post-29","page","type-page","status-publish","hentry"],"_links":{"self":[{"href":"https:\/\/regulastaempfli.eu\/index.php?rest_route=\/wp\/v2\/pages\/29","targetHints":{"allow":["GET"]}}],"collection":[{"href":"https:\/\/regulastaempfli.eu\/index.php?rest_route=\/wp\/v2\/pages"}],"about":[{"href":"https:\/\/regulastaempfli.eu\/index.php?rest_route=\/wp\/v2\/types\/page"}],"author":[{"embeddable":true,"href":"https:\/\/regulastaempfli.eu\/index.php?rest_route=\/wp\/v2\/users\/1"}],"replies":[{"embeddable":true,"href":"https:\/\/regulastaempfli.eu\/index.php?rest_route=%2Fwp%2Fv2%2Fcomments&post=29"}],"version-history":[{"count":5,"href":"https:\/\/regulastaempfli.eu\/index.php?rest_route=\/wp\/v2\/pages\/29\/revisions"}],"predecessor-version":[{"id":8191,"href":"https:\/\/regulastaempfli.eu\/index.php?rest_route=\/wp\/v2\/pages\/29\/revisions\/8191"}],"wp:attachment":[{"href":"https:\/\/regulastaempfli.eu\/index.php?rest_route=%2Fwp%2Fv2%2Fmedia&parent=29"}],"curies":[{"name":"wp","href":"https:\/\/api.w.org\/{rel}","templated":true}]}}